{"id":17385,"date":"2025-08-28T09:32:23","date_gmt":"2025-08-28T06:32:23","guid":{"rendered":"https:\/\/special-auto.ro\/?post_type=product&#038;p=17385"},"modified":"2025-09-10T14:33:24","modified_gmt":"2025-09-10T11:33:24","slug":"galerii-evacuare-turbo-mercedes-benz-om501-actros-mp1-mp3","status":"publish","type":"product","link":"https:\/\/special-auto.ro\/en\/shop\/filtru-tubulatura-esapament-carcasa\/teava-esapament\/galerii-evacuare-turbo-mercedes-benz-om501-actros-mp1-mp3\/","title":{"rendered":"Galerii Evacuare Turbo Mercedes-Benz OM501 Actros MP1-MP3"},"content":{"rendered":"<p data-start=\"629\" data-end=\"814\">Aceast\u0103 galerie de evacuare turbo este destinat\u0103 motoarelor <strong data-start=\"722\" data-end=\"748\">Mercedes-Benz OM501 V6<\/strong>, utilizate pe camioanele Actros (MP1, MP2, MP3), Axor \u0219i Atego.<\/p>\n<ul data-start=\"815\" data-end=\"1156\">\n<li data-start=\"815\" data-end=\"859\">\n<p data-start=\"817\" data-end=\"859\"><strong data-start=\"817\" data-end=\"830\">Material:<\/strong> Font\u0103 de \u00eenalt\u0103 rezisten\u021b\u0103<\/p>\n<\/li>\n<li data-start=\"860\" data-end=\"923\">\n<p data-start=\"862\" data-end=\"923\"><strong data-start=\"862\" data-end=\"873\">Montaj:<\/strong> Lateral st\u00e2nga\/dreapta (\u00een func\u021bie de versiune)<\/p>\n<\/li>\n<li data-start=\"924\" data-end=\"1041\">\n<p data-start=\"926\" data-end=\"1041\"><strong data-start=\"926\" data-end=\"934\">Rol:<\/strong> colecteaz\u0103 gazele de evacuare \u0219i le direc\u021bioneaz\u0103 c\u0103tre turbocompresor, optimiz\u00e2nd performan\u021ba motorului<\/p>\n<\/li>\n<li data-start=\"1042\" data-end=\"1101\">\n<p data-start=\"1044\" data-end=\"1101\"><strong data-start=\"1044\" data-end=\"1064\">Compatibilitate:<\/strong> modele fabricate \u00eentre 1996 \u2013 2012<\/p>\n<\/li>\n<li data-start=\"1102\" data-end=\"1156\">\n<p data-start=\"1104\" data-end=\"1156\"><strong data-start=\"1104\" data-end=\"1129\">Coduri OEM (exemple):<\/strong> A5411420801, A5411442712<\/p>\n<\/li>\n<\/ul>","protected":false},"excerpt":{"rendered":"<p>Aceast\u0103 galerie de evacuare turbo este destinat\u0103 motoarelor Mercedes-Benz OM501 V6, utilizate pe camioanele Actros (MP1, MP2, MP3), Axor \u0219i<\/p>","protected":false},"featured_media":17387,"comment_status":"open","ping_status":"closed","template":"","meta":[],"product_brand":[541],"product_cat":[48,251,71,103,99],"product_tag":[],"woo-feed-brand":[],"class_list":{"0":"post-17385","1":"product","2":"type-product","3":"status-publish","4":"has-post-thumbnail","6":"product_brand-mercedes-benz","7":"product_cat-piese-folosite-camioane-si-autoturisme","8":"product_cat-toate-produse","9":"product_cat-filtru-tubulatura-esapament-carcasa","10":"product_cat-accesorii-admisie-si-evacuare","11":"product_cat-teava-esapament","13":"first","14":"instock","15":"taxable","16":"shipping-taxable","17":"purchasable","18":"product-type-simple"},"yoast_head":"<!-- This site is optimized with the Yoast SEO Premium plugin v25.6 (Yoast SEO v25.6-RC7) - https:\/\/yoast.com\/wordpress\/plugins\/seo\/ -->\n<title>Galerii Evacuare Turbo Mercedes-Benz OM501 Actros MP1-MP3 - Special Auto<\/title>\n<meta name=\"description\" content=\"Galerii Evacuare Turbo Mercedes-Benz OM501 Actros MP1-MP3. Compatibilitate: modele fabricate \u00eentre 1996 \u2013 2012, toata gama V6.\" \/>\n<meta name=\"robots\" content=\"index, follow, max-snippet:-1, max-image-preview:large, max-video-preview:-1\" \/>\n<link rel=\"canonical\" href=\"https:\/\/special-auto.ro\/en\/shop\/filtru-tubulatura-esapament-carcasa\/teava-esapament\/galerii-evacuare-turbo-mercedes-benz-om501-actros-mp1-mp3\/\" \/>\n<meta property=\"og:locale\" content=\"en_US\" \/>\n<meta property=\"og:type\" content=\"article\" \/>\n<meta property=\"og:title\" content=\"Galerii Evacuare Turbo Mercedes-Benz OM501 Actros MP1-MP3 - Special Auto\" \/>\n<meta property=\"og:description\" content=\"Galerii Evacuare Turbo Mercedes-Benz OM501 Actros MP1-MP3. Compatibilitate: modele fabricate \u00eentre 1996 \u2013 2012, toata gama V6.\" \/>\n<meta property=\"og:url\" content=\"https:\/\/special-auto.ro\/en\/shop\/filtru-tubulatura-esapament-carcasa\/teava-esapament\/galerii-evacuare-turbo-mercedes-benz-om501-actros-mp1-mp3\/\" \/>\n<meta property=\"og:site_name\" content=\"Special Auto\" \/>\n<meta property=\"article:publisher\" content=\"https:\/\/www.facebook.com\/profile.php?id=61574400596936\" \/>\n<meta property=\"article:modified_time\" content=\"2025-09-10T11:33:24+00:00\" \/>\n<meta property=\"og:image\" content=\"https:\/\/special-auto.ro\/wp-content\/uploads\/2025\/08\/IMG_1293-1.jpg\" \/>\n\t<meta property=\"og:image:width\" content=\"1900\" \/>\n\t<meta property=\"og:image:height\" content=\"1553\" \/>\n\t<meta property=\"og:image:type\" content=\"image\/jpeg\" \/>\n<meta name=\"twitter:card\" content=\"summary_large_image\" \/>\n<script type=\"application\/ld+json\" class=\"yoast-schema-graph\">{\"@context\":\"https:\/\/schema.org\",\"@graph\":[{\"@type\":\"WebPage\",\"@id\":\"https:\/\/special-auto.ro\/shop\/filtru-tubulatura-esapament-carcasa\/teava-esapament\/galerii-evacuare-turbo-mercedes-benz-om501-actros-mp1-mp3\/\",\"url\":\"https:\/\/special-auto.ro\/shop\/filtru-tubulatura-esapament-carcasa\/teava-esapament\/galerii-evacuare-turbo-mercedes-benz-om501-actros-mp1-mp3\/\",\"name\":\"Galerii Evacuare Turbo Mercedes-Benz OM501 Actros MP1-MP3 - Special Auto\",\"isPartOf\":{\"@id\":\"https:\/\/special-auto.ro\/#website\"},\"primaryImageOfPage\":{\"@id\":\"https:\/\/special-auto.ro\/shop\/filtru-tubulatura-esapament-carcasa\/teava-esapament\/galerii-evacuare-turbo-mercedes-benz-om501-actros-mp1-mp3\/#primaryimage\"},\"image\":{\"@id\":\"https:\/\/special-auto.ro\/shop\/filtru-tubulatura-esapament-carcasa\/teava-esapament\/galerii-evacuare-turbo-mercedes-benz-om501-actros-mp1-mp3\/#primaryimage\"},\"thumbnailUrl\":\"https:\/\/special-auto.ro\/wp-content\/uploads\/2025\/08\/IMG_1293-1.jpg\",\"datePublished\":\"2025-08-28T06:32:23+00:00\",\"dateModified\":\"2025-09-10T11:33:24+00:00\",\"description\":\"Galerii Evacuare Turbo Mercedes-Benz OM501 Actros MP1-MP3. Compatibilitate: modele fabricate \u00eentre 1996 \u2013 2012, toata gama V6.\",\"breadcrumb\":{\"@id\":\"https:\/\/special-auto.ro\/shop\/filtru-tubulatura-esapament-carcasa\/teava-esapament\/galerii-evacuare-turbo-mercedes-benz-om501-actros-mp1-mp3\/#breadcrumb\"},\"inLanguage\":\"en-US\",\"potentialAction\":[{\"@type\":\"ReadAction\",\"target\":[\"https:\/\/special-auto.ro\/shop\/filtru-tubulatura-esapament-carcasa\/teava-esapament\/galerii-evacuare-turbo-mercedes-benz-om501-actros-mp1-mp3\/\"]}]},{\"@type\":\"ImageObject\",\"inLanguage\":\"en-US\",\"@id\":\"https:\/\/special-auto.ro\/shop\/filtru-tubulatura-esapament-carcasa\/teava-esapament\/galerii-evacuare-turbo-mercedes-benz-om501-actros-mp1-mp3\/#primaryimage\",\"url\":\"https:\/\/special-auto.ro\/wp-content\/uploads\/2025\/08\/IMG_1293-1.jpg\",\"contentUrl\":\"https:\/\/special-auto.ro\/wp-content\/uploads\/2025\/08\/IMG_1293-1.jpg\",\"width\":1900,\"height\":1553},{\"@type\":\"BreadcrumbList\",\"@id\":\"https:\/\/special-auto.ro\/shop\/filtru-tubulatura-esapament-carcasa\/teava-esapament\/galerii-evacuare-turbo-mercedes-benz-om501-actros-mp1-mp3\/#breadcrumb\",\"itemListElement\":[{\"@type\":\"ListItem\",\"position\":1,\"name\":\"Prima pagin\u0103\",\"item\":\"https:\/\/special-auto.ro\/\"},{\"@type\":\"ListItem\",\"position\":2,\"name\":\"Magazin\",\"item\":\"https:\/\/special-auto.ro\/shop\/\"},{\"@type\":\"ListItem\",\"position\":3,\"name\":\"Produse folosite\",\"item\":\"https:\/\/special-auto.ro\/cat\/piese-folosite-camioane-si-autoturisme\/\"},{\"@type\":\"ListItem\",\"position\":4,\"name\":\"Galerii Evacuare Turbo Mercedes-Benz OM501 Actros MP1-MP3\"}]},{\"@type\":\"WebSite\",\"@id\":\"https:\/\/special-auto.ro\/#website\",\"url\":\"https:\/\/special-auto.ro\/\",\"name\":\"Special Auto\",\"description\":\"Servicii in jurul camionului\",\"publisher\":{\"@id\":\"https:\/\/special-auto.ro\/#organization\"},\"potentialAction\":[{\"@type\":\"SearchAction\",\"target\":{\"@type\":\"EntryPoint\",\"urlTemplate\":\"https:\/\/special-auto.ro\/?s={search_term_string}\"},\"query-input\":{\"@type\":\"PropertyValueSpecification\",\"valueRequired\":true,\"valueName\":\"search_term_string\"}}],\"inLanguage\":\"en-US\"},{\"@type\":\"Organization\",\"@id\":\"https:\/\/special-auto.ro\/#organization\",\"name\":\"Special Auto SRL\",\"url\":\"https:\/\/special-auto.ro\/\",\"logo\":{\"@type\":\"ImageObject\",\"inLanguage\":\"en-US\",\"@id\":\"https:\/\/special-auto.ro\/#\/schema\/logo\/image\/\",\"url\":\"https:\/\/special-auto.ro\/wp-content\/uploads\/2025\/07\/cropped-logo_heavybg_special.png\",\"contentUrl\":\"https:\/\/special-auto.ro\/wp-content\/uploads\/2025\/07\/cropped-logo_heavybg_special.png\",\"width\":512,\"height\":512,\"caption\":\"Special Auto SRL\"},\"image\":{\"@id\":\"https:\/\/special-auto.ro\/#\/schema\/logo\/image\/\"},\"sameAs\":[\"https:\/\/www.facebook.com\/profile.php?id=61574400596936\"],\"email\":\"office@special-auto.ro\",\"telephone\":\"+40740031192\",\"legalName\":\"Special Auto SRL\",\"foundingDate\":\"2000-05-10\",\"numberOfEmployees\":{\"@type\":\"QuantitativeValue\",\"minValue\":\"1\",\"maxValue\":\"10\"},\"publishingPrinciples\":\"https:\/\/special-auto.ro\/\",\"ownershipFundingInfo\":\"https:\/\/special-auto.ro\/politica-interna\/\"}]}<\/script>\n<!-- \/ Yoast SEO Premium plugin. -->","yoast_head_json":{"title":"Galerii Evacuare Turbo Mercedes-Benz OM501 Actros MP1-MP3 - Special Auto","description":"Galerii Evacuare Turbo Mercedes-Benz OM501 Actros MP1-MP3. Compatibilitate: modele fabricate \u00eentre 1996 \u2013 2012, toata gama V6.","robots":{"index":"index","follow":"follow","max-snippet":"max-snippet:-1","max-image-preview":"max-image-preview:large","max-video-preview":"max-video-preview:-1"},"canonical":"https:\/\/special-auto.ro\/en\/shop\/filtru-tubulatura-esapament-carcasa\/teava-esapament\/galerii-evacuare-turbo-mercedes-benz-om501-actros-mp1-mp3\/","og_locale":"en_US","og_type":"article","og_title":"Galerii Evacuare Turbo Mercedes-Benz OM501 Actros MP1-MP3 - Special Auto","og_description":"Galerii Evacuare Turbo Mercedes-Benz OM501 Actros MP1-MP3. Compatibilitate: modele fabricate \u00eentre 1996 \u2013 2012, toata gama V6.","og_url":"https:\/\/special-auto.ro\/en\/shop\/filtru-tubulatura-esapament-carcasa\/teava-esapament\/galerii-evacuare-turbo-mercedes-benz-om501-actros-mp1-mp3\/","og_site_name":"Special Auto","article_publisher":"https:\/\/www.facebook.com\/profile.php?id=61574400596936","article_modified_time":"2025-09-10T11:33:24+00:00","og_image":[{"width":1900,"height":1553,"url":"https:\/\/special-auto.ro\/wp-content\/uploads\/2025\/08\/IMG_1293-1.jpg","type":"image\/jpeg"}],"twitter_card":"summary_large_image","schema":{"@context":"https:\/\/schema.org","@graph":[{"@type":"WebPage","@id":"https:\/\/special-auto.ro\/shop\/filtru-tubulatura-esapament-carcasa\/teava-esapament\/galerii-evacuare-turbo-mercedes-benz-om501-actros-mp1-mp3\/","url":"https:\/\/special-auto.ro\/shop\/filtru-tubulatura-esapament-carcasa\/teava-esapament\/galerii-evacuare-turbo-mercedes-benz-om501-actros-mp1-mp3\/","name":"Galerii Evacuare Turbo Mercedes-Benz OM501 Actros MP1-MP3 - Special Auto","isPartOf":{"@id":"https:\/\/special-auto.ro\/#website"},"primaryImageOfPage":{"@id":"https:\/\/special-auto.ro\/shop\/filtru-tubulatura-esapament-carcasa\/teava-esapament\/galerii-evacuare-turbo-mercedes-benz-om501-actros-mp1-mp3\/#primaryimage"},"image":{"@id":"https:\/\/special-auto.ro\/shop\/filtru-tubulatura-esapament-carcasa\/teava-esapament\/galerii-evacuare-turbo-mercedes-benz-om501-actros-mp1-mp3\/#primaryimage"},"thumbnailUrl":"https:\/\/special-auto.ro\/wp-content\/uploads\/2025\/08\/IMG_1293-1.jpg","datePublished":"2025-08-28T06:32:23+00:00","dateModified":"2025-09-10T11:33:24+00:00","description":"Galerii Evacuare Turbo Mercedes-Benz OM501 Actros MP1-MP3. Compatibilitate: modele fabricate \u00eentre 1996 \u2013 2012, toata gama V6.","breadcrumb":{"@id":"https:\/\/special-auto.ro\/shop\/filtru-tubulatura-esapament-carcasa\/teava-esapament\/galerii-evacuare-turbo-mercedes-benz-om501-actros-mp1-mp3\/#breadcrumb"},"inLanguage":"en-US","potentialAction":[{"@type":"ReadAction","target":["https:\/\/special-auto.ro\/shop\/filtru-tubulatura-esapament-carcasa\/teava-esapament\/galerii-evacuare-turbo-mercedes-benz-om501-actros-mp1-mp3\/"]}]},{"@type":"ImageObject","inLanguage":"en-US","@id":"https:\/\/special-auto.ro\/shop\/filtru-tubulatura-esapament-carcasa\/teava-esapament\/galerii-evacuare-turbo-mercedes-benz-om501-actros-mp1-mp3\/#primaryimage","url":"https:\/\/special-auto.ro\/wp-content\/uploads\/2025\/08\/IMG_1293-1.jpg","contentUrl":"https:\/\/special-auto.ro\/wp-content\/uploads\/2025\/08\/IMG_1293-1.jpg","width":1900,"height":1553},{"@type":"BreadcrumbList","@id":"https:\/\/special-auto.ro\/shop\/filtru-tubulatura-esapament-carcasa\/teava-esapament\/galerii-evacuare-turbo-mercedes-benz-om501-actros-mp1-mp3\/#breadcrumb","itemListElement":[{"@type":"ListItem","position":1,"name":"Prima pagin\u0103","item":"https:\/\/special-auto.ro\/"},{"@type":"ListItem","position":2,"name":"Magazin","item":"https:\/\/special-auto.ro\/shop\/"},{"@type":"ListItem","position":3,"name":"Produse folosite","item":"https:\/\/special-auto.ro\/cat\/piese-folosite-camioane-si-autoturisme\/"},{"@type":"ListItem","position":4,"name":"Galerii Evacuare Turbo Mercedes-Benz OM501 Actros MP1-MP3"}]},{"@type":"WebSite","@id":"https:\/\/special-auto.ro\/#website","url":"https:\/\/special-auto.ro\/","name":"Special Auto","description":"Servicii in jurul camionului","publisher":{"@id":"https:\/\/special-auto.ro\/#organization"},"potentialAction":[{"@type":"SearchAction","target":{"@type":"EntryPoint","urlTemplate":"https:\/\/special-auto.ro\/?s={search_term_string}"},"query-input":{"@type":"PropertyValueSpecification","valueRequired":true,"valueName":"search_term_string"}}],"inLanguage":"en-US"},{"@type":"Organization","@id":"https:\/\/special-auto.ro\/#organization","name":"Special Auto SRL","url":"https:\/\/special-auto.ro\/","logo":{"@type":"ImageObject","inLanguage":"en-US","@id":"https:\/\/special-auto.ro\/#\/schema\/logo\/image\/","url":"https:\/\/special-auto.ro\/wp-content\/uploads\/2025\/07\/cropped-logo_heavybg_special.png","contentUrl":"https:\/\/special-auto.ro\/wp-content\/uploads\/2025\/07\/cropped-logo_heavybg_special.png","width":512,"height":512,"caption":"Special Auto SRL"},"image":{"@id":"https:\/\/special-auto.ro\/#\/schema\/logo\/image\/"},"sameAs":["https:\/\/www.facebook.com\/profile.php?id=61574400596936"],"email":"office@special-auto.ro","telephone":"+40740031192","legalName":"Special Auto SRL","foundingDate":"2000-05-10","numberOfEmployees":{"@type":"QuantitativeValue","minValue":"1","maxValue":"10"},"publishingPrinciples":"https:\/\/special-auto.ro\/","ownershipFundingInfo":"https:\/\/special-auto.ro\/politica-interna\/"}]}},"_links":{"self":[{"href":"https:\/\/special-auto.ro\/en\/wp-json\/wp\/v2\/product\/17385","targetHints":{"allow":["GET"]}}],"collection":[{"href":"https:\/\/special-auto.ro\/en\/wp-json\/wp\/v2\/product"}],"about":[{"href":"https:\/\/special-auto.ro\/en\/wp-json\/wp\/v2\/types\/product"}],"replies":[{"embeddable":true,"href":"https:\/\/special-auto.ro\/en\/wp-json\/wp\/v2\/comments?post=17385"}],"wp:featuredmedia":[{"embeddable":true,"href":"https:\/\/special-auto.ro\/en\/wp-json\/wp\/v2\/media\/17387"}],"wp:attachment":[{"href":"https:\/\/special-auto.ro\/en\/wp-json\/wp\/v2\/media?parent=17385"}],"wp:term":[{"taxonomy":"product_brand","embeddable":true,"href":"https:\/\/special-auto.ro\/en\/wp-json\/wp\/v2\/product_brand?post=17385"},{"taxonomy":"product_cat","embeddable":true,"href":"https:\/\/special-auto.ro\/en\/wp-json\/wp\/v2\/product_cat?post=17385"},{"taxonomy":"product_tag","embeddable":true,"href":"https:\/\/special-auto.ro\/en\/wp-json\/wp\/v2\/product_tag?post=17385"},{"taxonomy":"woo-feed-brand","embeddable":true,"href":"https:\/\/special-auto.ro\/en\/wp-json\/wp\/v2\/woo-feed-brand?post=17385"}],"curies":[{"name":"wp","href":"https:\/\/api.w.org\/{rel}","templated":true}]}}