{"id":17288,"date":"2025-08-27T18:46:39","date_gmt":"2025-08-27T15:46:39","guid":{"rendered":"https:\/\/special-auto.ro\/?post_type=product&#038;p=17288"},"modified":"2025-09-11T16:09:46","modified_gmt":"2025-09-11T13:09:46","slug":"cabina-mercedes-benz-actros-mp2","status":"publish","type":"product","link":"https:\/\/special-auto.ro\/en\/shop\/caroserie\/cabina-completa\/cabina-mercedes-benz-actros-mp2\/","title":{"rendered":"Cabin\u0103 Mercedes-Benz Actros MP2 cu defect"},"content":{"rendered":"<p data-start=\"129\" data-end=\"257\">Cabin\u0103 Mercedes-Benz Actros MP2<br data-start=\"172\" data-end=\"175\" \/><strong data-start=\"175\" data-end=\"185\">Stare:<\/strong> Cu defect \u00een partea frontal\u0103<\/p>\n<h3 data-start=\"259\" data-end=\"277\">Detalii produs<\/h3>\n<ul data-start=\"278\" data-end=\"608\">\n<li data-start=\"278\" data-end=\"377\">\n<p data-start=\"280\" data-end=\"377\">Cabin\u0103 original\u0103 Mercedes-Benz Actros MP2 (a doua genera\u021bie Actros, fabricat\u0103 \u00eentre 2002\u20132008).<\/p>\n<\/li>\n<li data-start=\"378\" data-end=\"463\">\n<p data-start=\"380\" data-end=\"463\">Prezint\u0103 <strong data-start=\"389\" data-end=\"429\">defect structural \u00een partea din fa\u021b\u0103<\/strong>, vizibil \u0219i necesit\u0103 repara\u021bii.<\/p>\n<\/li>\n<li data-start=\"464\" data-end=\"547\">\n<p data-start=\"466\" data-end=\"547\">Potrivit\u0103 pentru piese de schimb, reconstruc\u021bie sau proiecte de recondi\u021bionare.<\/p>\n<\/li>\n<li data-start=\"548\" data-end=\"608\">\n<p data-start=\"550\" data-end=\"608\">Interiorul \u0219i lateralele pot fi utilizate \u00een mare parte.<\/p>\n<\/li>\n<\/ul>\n<h3 data-start=\"610\" data-end=\"622\">Avantaje<\/h3>\n<ul data-start=\"623\" data-end=\"821\">\n<li data-start=\"623\" data-end=\"694\">\n<p data-start=\"625\" data-end=\"694\">Pre\u021b atractiv raportat la valoarea pieselor care pot fi recuperate.<\/p>\n<\/li>\n<li data-start=\"695\" data-end=\"747\">\n<p data-start=\"697\" data-end=\"747\">O baz\u0103 bun\u0103 pentru recondi\u021bionare cu cost redus.<\/p>\n<\/li>\n<li data-start=\"748\" data-end=\"821\">\n<p data-start=\"750\" data-end=\"821\">Compatibilitate direct\u0103 cu gama de camioane Mercedes-Benz Actros MP2.<\/p>\n<\/li>\n<\/ul>","protected":false},"excerpt":{"rendered":"<p>Cabin\u0103 Mercedes-Benz Actros MP2Stare: Cu defect \u00een partea frontal\u0103 Detalii produs Cabin\u0103 original\u0103 Mercedes-Benz Actros MP2 (a doua genera\u021bie Actros,<\/p>","protected":false},"featured_media":17290,"comment_status":"open","ping_status":"closed","template":"","meta":[],"product_brand":[541],"product_cat":[48,59,82],"product_tag":[],"woo-feed-brand":[],"class_list":{"0":"post-17288","1":"product","2":"type-product","3":"status-publish","4":"has-post-thumbnail","6":"product_brand-mercedes-benz","7":"product_cat-piese-folosite-camioane-si-autoturisme","8":"product_cat-caroserie","9":"product_cat-cabina-completa","11":"first","12":"instock","13":"sale","14":"sold-individually","15":"taxable","16":"shipping-taxable","17":"purchasable","18":"product-type-simple"},"yoast_head":"<!-- This site is optimized with the Yoast SEO Premium plugin v25.6 (Yoast SEO v25.6-RC7) - https:\/\/yoast.com\/wordpress\/plugins\/seo\/ -->\n<title>Cabin\u0103 Mercedes-Benz Actros MP2 cu defect - Special Auto<\/title>\n<meta name=\"description\" content=\"Cabin\u0103 Mercedes-Benz Actros MP2 - Prezint\u0103 defect structural \u00een partea din fa\u021b\u0103, vizibil \u0219i necesit\u0103 repara\u021bii. Interiorul \u0219i lateralele pot fi utilizate!\" \/>\n<meta name=\"robots\" content=\"index, follow, max-snippet:-1, max-image-preview:large, max-video-preview:-1\" \/>\n<link rel=\"canonical\" href=\"https:\/\/special-auto.ro\/en\/shop\/caroserie\/cabina-completa\/cabina-mercedes-benz-actros-mp2\/\" \/>\n<meta property=\"og:locale\" content=\"en_US\" \/>\n<meta property=\"og:type\" content=\"article\" \/>\n<meta property=\"og:title\" content=\"Cabin\u0103 Mercedes-Benz Actros MP2 cu defect - Special Auto\" \/>\n<meta property=\"og:description\" content=\"Cabin\u0103 Mercedes-Benz Actros MP2 - Prezint\u0103 defect structural \u00een partea din fa\u021b\u0103, vizibil \u0219i necesit\u0103 repara\u021bii. Interiorul \u0219i lateralele pot fi utilizate!\" \/>\n<meta property=\"og:url\" content=\"https:\/\/special-auto.ro\/en\/shop\/caroserie\/cabina-completa\/cabina-mercedes-benz-actros-mp2\/\" \/>\n<meta property=\"og:site_name\" content=\"Special Auto\" \/>\n<meta property=\"article:publisher\" content=\"https:\/\/www.facebook.com\/profile.php?id=61574400596936\" \/>\n<meta property=\"article:modified_time\" content=\"2025-09-11T13:09:46+00:00\" \/>\n<meta property=\"og:image\" content=\"https:\/\/special-auto.ro\/wp-content\/uploads\/2025\/08\/Imagine-WhatsApp-2025-08-27-la-18.42.28_f20cc848.jpg\" \/>\n\t<meta property=\"og:image:width\" content=\"1200\" \/>\n\t<meta property=\"og:image:height\" content=\"1600\" \/>\n\t<meta property=\"og:image:type\" content=\"image\/jpeg\" \/>\n<meta name=\"twitter:card\" content=\"summary_large_image\" \/>\n<script type=\"application\/ld+json\" class=\"yoast-schema-graph\">{\"@context\":\"https:\/\/schema.org\",\"@graph\":[{\"@type\":\"WebPage\",\"@id\":\"https:\/\/special-auto.ro\/shop\/caroserie\/cabina-completa\/cabina-mercedes-benz-actros-mp2\/\",\"url\":\"https:\/\/special-auto.ro\/shop\/caroserie\/cabina-completa\/cabina-mercedes-benz-actros-mp2\/\",\"name\":\"Cabin\u0103 Mercedes-Benz Actros MP2 cu defect - Special Auto\",\"isPartOf\":{\"@id\":\"https:\/\/special-auto.ro\/#website\"},\"primaryImageOfPage\":{\"@id\":\"https:\/\/special-auto.ro\/shop\/caroserie\/cabina-completa\/cabina-mercedes-benz-actros-mp2\/#primaryimage\"},\"image\":{\"@id\":\"https:\/\/special-auto.ro\/shop\/caroserie\/cabina-completa\/cabina-mercedes-benz-actros-mp2\/#primaryimage\"},\"thumbnailUrl\":\"https:\/\/special-auto.ro\/wp-content\/uploads\/2025\/08\/Imagine-WhatsApp-2025-08-27-la-18.42.28_f20cc848.jpg\",\"datePublished\":\"2025-08-27T15:46:39+00:00\",\"dateModified\":\"2025-09-11T13:09:46+00:00\",\"description\":\"Cabin\u0103 Mercedes-Benz Actros MP2 - Prezint\u0103 defect structural \u00een partea din fa\u021b\u0103, vizibil \u0219i necesit\u0103 repara\u021bii. Interiorul \u0219i lateralele pot fi utilizate!\",\"breadcrumb\":{\"@id\":\"https:\/\/special-auto.ro\/shop\/caroserie\/cabina-completa\/cabina-mercedes-benz-actros-mp2\/#breadcrumb\"},\"inLanguage\":\"en-US\",\"potentialAction\":[{\"@type\":\"ReadAction\",\"target\":[\"https:\/\/special-auto.ro\/shop\/caroserie\/cabina-completa\/cabina-mercedes-benz-actros-mp2\/\"]}]},{\"@type\":\"ImageObject\",\"inLanguage\":\"en-US\",\"@id\":\"https:\/\/special-auto.ro\/shop\/caroserie\/cabina-completa\/cabina-mercedes-benz-actros-mp2\/#primaryimage\",\"url\":\"https:\/\/special-auto.ro\/wp-content\/uploads\/2025\/08\/Imagine-WhatsApp-2025-08-27-la-18.42.28_f20cc848.jpg\",\"contentUrl\":\"https:\/\/special-auto.ro\/wp-content\/uploads\/2025\/08\/Imagine-WhatsApp-2025-08-27-la-18.42.28_f20cc848.jpg\",\"width\":1200,\"height\":1600},{\"@type\":\"BreadcrumbList\",\"@id\":\"https:\/\/special-auto.ro\/shop\/caroserie\/cabina-completa\/cabina-mercedes-benz-actros-mp2\/#breadcrumb\",\"itemListElement\":[{\"@type\":\"ListItem\",\"position\":1,\"name\":\"Prima pagin\u0103\",\"item\":\"https:\/\/special-auto.ro\/\"},{\"@type\":\"ListItem\",\"position\":2,\"name\":\"Magazin\",\"item\":\"https:\/\/special-auto.ro\/shop\/\"},{\"@type\":\"ListItem\",\"position\":3,\"name\":\"Produse folosite\",\"item\":\"https:\/\/special-auto.ro\/cat\/piese-folosite-camioane-si-autoturisme\/\"},{\"@type\":\"ListItem\",\"position\":4,\"name\":\"Cabin\u0103 Mercedes-Benz Actros MP2 cu defect\"}]},{\"@type\":\"WebSite\",\"@id\":\"https:\/\/special-auto.ro\/#website\",\"url\":\"https:\/\/special-auto.ro\/\",\"name\":\"Special Auto\",\"description\":\"Servicii in jurul camionului\",\"publisher\":{\"@id\":\"https:\/\/special-auto.ro\/#organization\"},\"potentialAction\":[{\"@type\":\"SearchAction\",\"target\":{\"@type\":\"EntryPoint\",\"urlTemplate\":\"https:\/\/special-auto.ro\/?s={search_term_string}\"},\"query-input\":{\"@type\":\"PropertyValueSpecification\",\"valueRequired\":true,\"valueName\":\"search_term_string\"}}],\"inLanguage\":\"en-US\"},{\"@type\":\"Organization\",\"@id\":\"https:\/\/special-auto.ro\/#organization\",\"name\":\"Special Auto SRL\",\"url\":\"https:\/\/special-auto.ro\/\",\"logo\":{\"@type\":\"ImageObject\",\"inLanguage\":\"en-US\",\"@id\":\"https:\/\/special-auto.ro\/#\/schema\/logo\/image\/\",\"url\":\"https:\/\/special-auto.ro\/wp-content\/uploads\/2025\/07\/cropped-logo_heavybg_special.png\",\"contentUrl\":\"https:\/\/special-auto.ro\/wp-content\/uploads\/2025\/07\/cropped-logo_heavybg_special.png\",\"width\":512,\"height\":512,\"caption\":\"Special Auto SRL\"},\"image\":{\"@id\":\"https:\/\/special-auto.ro\/#\/schema\/logo\/image\/\"},\"sameAs\":[\"https:\/\/www.facebook.com\/profile.php?id=61574400596936\"],\"email\":\"office@special-auto.ro\",\"telephone\":\"+40740031192\",\"legalName\":\"Special Auto SRL\",\"foundingDate\":\"2000-05-10\",\"numberOfEmployees\":{\"@type\":\"QuantitativeValue\",\"minValue\":\"1\",\"maxValue\":\"10\"},\"publishingPrinciples\":\"https:\/\/special-auto.ro\/\",\"ownershipFundingInfo\":\"https:\/\/special-auto.ro\/politica-interna\/\"}]}<\/script>\n<!-- \/ Yoast SEO Premium plugin. -->","yoast_head_json":{"title":"Cabin\u0103 Mercedes-Benz Actros MP2 cu defect - Special Auto","description":"Cabin\u0103 Mercedes-Benz Actros MP2 - Prezint\u0103 defect structural \u00een partea din fa\u021b\u0103, vizibil \u0219i necesit\u0103 repara\u021bii. Interiorul \u0219i lateralele pot fi utilizate!","robots":{"index":"index","follow":"follow","max-snippet":"max-snippet:-1","max-image-preview":"max-image-preview:large","max-video-preview":"max-video-preview:-1"},"canonical":"https:\/\/special-auto.ro\/en\/shop\/caroserie\/cabina-completa\/cabina-mercedes-benz-actros-mp2\/","og_locale":"en_US","og_type":"article","og_title":"Cabin\u0103 Mercedes-Benz Actros MP2 cu defect - Special Auto","og_description":"Cabin\u0103 Mercedes-Benz Actros MP2 - Prezint\u0103 defect structural \u00een partea din fa\u021b\u0103, vizibil \u0219i necesit\u0103 repara\u021bii. Interiorul \u0219i lateralele pot fi utilizate!","og_url":"https:\/\/special-auto.ro\/en\/shop\/caroserie\/cabina-completa\/cabina-mercedes-benz-actros-mp2\/","og_site_name":"Special Auto","article_publisher":"https:\/\/www.facebook.com\/profile.php?id=61574400596936","article_modified_time":"2025-09-11T13:09:46+00:00","og_image":[{"width":1200,"height":1600,"url":"https:\/\/special-auto.ro\/wp-content\/uploads\/2025\/08\/Imagine-WhatsApp-2025-08-27-la-18.42.28_f20cc848.jpg","type":"image\/jpeg"}],"twitter_card":"summary_large_image","schema":{"@context":"https:\/\/schema.org","@graph":[{"@type":"WebPage","@id":"https:\/\/special-auto.ro\/shop\/caroserie\/cabina-completa\/cabina-mercedes-benz-actros-mp2\/","url":"https:\/\/special-auto.ro\/shop\/caroserie\/cabina-completa\/cabina-mercedes-benz-actros-mp2\/","name":"Cabin\u0103 Mercedes-Benz Actros MP2 cu defect - Special Auto","isPartOf":{"@id":"https:\/\/special-auto.ro\/#website"},"primaryImageOfPage":{"@id":"https:\/\/special-auto.ro\/shop\/caroserie\/cabina-completa\/cabina-mercedes-benz-actros-mp2\/#primaryimage"},"image":{"@id":"https:\/\/special-auto.ro\/shop\/caroserie\/cabina-completa\/cabina-mercedes-benz-actros-mp2\/#primaryimage"},"thumbnailUrl":"https:\/\/special-auto.ro\/wp-content\/uploads\/2025\/08\/Imagine-WhatsApp-2025-08-27-la-18.42.28_f20cc848.jpg","datePublished":"2025-08-27T15:46:39+00:00","dateModified":"2025-09-11T13:09:46+00:00","description":"Cabin\u0103 Mercedes-Benz Actros MP2 - Prezint\u0103 defect structural \u00een partea din fa\u021b\u0103, vizibil \u0219i necesit\u0103 repara\u021bii. Interiorul \u0219i lateralele pot fi utilizate!","breadcrumb":{"@id":"https:\/\/special-auto.ro\/shop\/caroserie\/cabina-completa\/cabina-mercedes-benz-actros-mp2\/#breadcrumb"},"inLanguage":"en-US","potentialAction":[{"@type":"ReadAction","target":["https:\/\/special-auto.ro\/shop\/caroserie\/cabina-completa\/cabina-mercedes-benz-actros-mp2\/"]}]},{"@type":"ImageObject","inLanguage":"en-US","@id":"https:\/\/special-auto.ro\/shop\/caroserie\/cabina-completa\/cabina-mercedes-benz-actros-mp2\/#primaryimage","url":"https:\/\/special-auto.ro\/wp-content\/uploads\/2025\/08\/Imagine-WhatsApp-2025-08-27-la-18.42.28_f20cc848.jpg","contentUrl":"https:\/\/special-auto.ro\/wp-content\/uploads\/2025\/08\/Imagine-WhatsApp-2025-08-27-la-18.42.28_f20cc848.jpg","width":1200,"height":1600},{"@type":"BreadcrumbList","@id":"https:\/\/special-auto.ro\/shop\/caroserie\/cabina-completa\/cabina-mercedes-benz-actros-mp2\/#breadcrumb","itemListElement":[{"@type":"ListItem","position":1,"name":"Prima pagin\u0103","item":"https:\/\/special-auto.ro\/"},{"@type":"ListItem","position":2,"name":"Magazin","item":"https:\/\/special-auto.ro\/shop\/"},{"@type":"ListItem","position":3,"name":"Produse folosite","item":"https:\/\/special-auto.ro\/cat\/piese-folosite-camioane-si-autoturisme\/"},{"@type":"ListItem","position":4,"name":"Cabin\u0103 Mercedes-Benz Actros MP2 cu defect"}]},{"@type":"WebSite","@id":"https:\/\/special-auto.ro\/#website","url":"https:\/\/special-auto.ro\/","name":"Special Auto","description":"Servicii in jurul camionului","publisher":{"@id":"https:\/\/special-auto.ro\/#organization"},"potentialAction":[{"@type":"SearchAction","target":{"@type":"EntryPoint","urlTemplate":"https:\/\/special-auto.ro\/?s={search_term_string}"},"query-input":{"@type":"PropertyValueSpecification","valueRequired":true,"valueName":"search_term_string"}}],"inLanguage":"en-US"},{"@type":"Organization","@id":"https:\/\/special-auto.ro\/#organization","name":"Special Auto SRL","url":"https:\/\/special-auto.ro\/","logo":{"@type":"ImageObject","inLanguage":"en-US","@id":"https:\/\/special-auto.ro\/#\/schema\/logo\/image\/","url":"https:\/\/special-auto.ro\/wp-content\/uploads\/2025\/07\/cropped-logo_heavybg_special.png","contentUrl":"https:\/\/special-auto.ro\/wp-content\/uploads\/2025\/07\/cropped-logo_heavybg_special.png","width":512,"height":512,"caption":"Special Auto SRL"},"image":{"@id":"https:\/\/special-auto.ro\/#\/schema\/logo\/image\/"},"sameAs":["https:\/\/www.facebook.com\/profile.php?id=61574400596936"],"email":"office@special-auto.ro","telephone":"+40740031192","legalName":"Special Auto SRL","foundingDate":"2000-05-10","numberOfEmployees":{"@type":"QuantitativeValue","minValue":"1","maxValue":"10"},"publishingPrinciples":"https:\/\/special-auto.ro\/","ownershipFundingInfo":"https:\/\/special-auto.ro\/politica-interna\/"}]}},"_links":{"self":[{"href":"https:\/\/special-auto.ro\/en\/wp-json\/wp\/v2\/product\/17288","targetHints":{"allow":["GET"]}}],"collection":[{"href":"https:\/\/special-auto.ro\/en\/wp-json\/wp\/v2\/product"}],"about":[{"href":"https:\/\/special-auto.ro\/en\/wp-json\/wp\/v2\/types\/product"}],"replies":[{"embeddable":true,"href":"https:\/\/special-auto.ro\/en\/wp-json\/wp\/v2\/comments?post=17288"}],"wp:featuredmedia":[{"embeddable":true,"href":"https:\/\/special-auto.ro\/en\/wp-json\/wp\/v2\/media\/17290"}],"wp:attachment":[{"href":"https:\/\/special-auto.ro\/en\/wp-json\/wp\/v2\/media?parent=17288"}],"wp:term":[{"taxonomy":"product_brand","embeddable":true,"href":"https:\/\/special-auto.ro\/en\/wp-json\/wp\/v2\/product_brand?post=17288"},{"taxonomy":"product_cat","embeddable":true,"href":"https:\/\/special-auto.ro\/en\/wp-json\/wp\/v2\/product_cat?post=17288"},{"taxonomy":"product_tag","embeddable":true,"href":"https:\/\/special-auto.ro\/en\/wp-json\/wp\/v2\/product_tag?post=17288"},{"taxonomy":"woo-feed-brand","embeddable":true,"href":"https:\/\/special-auto.ro\/en\/wp-json\/wp\/v2\/woo-feed-brand?post=17288"}],"curies":[{"name":"wp","href":"https:\/\/api.w.org\/{rel}","templated":true}]}}