{"id":17080,"date":"2025-08-11T23:25:19","date_gmt":"2025-08-11T20:25:19","guid":{"rendered":"https:\/\/special-auto.ro\/?post_type=product&#038;p=17080"},"modified":"2025-09-10T14:33:42","modified_gmt":"2025-09-10T11:33:42","slug":"etrier-frana-mp3-axor-sn7012rc-k052391k50-remanufacturat","status":"publish","type":"product","link":"https:\/\/special-auto.ro\/en\/shop\/franare\/accesorii-franare\/etrier-frana-mp3-axor-sn7012rc-k052391k50-remanufacturat\/","title":{"rendered":"Etrier Fr\u00e2n\u0103 MP3 \/ Axor \u2013 SN7012RC \/ K052391K50 (remanufacturat)"},"content":{"rendered":"<p>Etrier Fr\u00e2n\u0103 MP3 \/ Axor \u2013 SN7012RC \/ K052391K50 (remanufacturat)<\/p>\n<p>Etrier fr\u00e2n\u0103 remanufacturat original Mercedes-Benz, compatibil cu Actros MP3 \u0219i Axor. Cod produc\u0103tor SN7012RC (Knorr-Bremse), K052391K50. Realizat cu componente ref\u0103cute, 100 % testat, ofer\u0103 performan\u021b\u0103 stabil\u0103 \u0219i durabilitate superioar\u0103.<\/p>","protected":false},"excerpt":{"rendered":"<p>Etrier Fr\u00e2n\u0103 MP3 \/ Axor \u2013 SN7012RC \/ K052391K50 (remanufacturat) Etrier fr\u00e2n\u0103 remanufacturat original Mercedes-Benz, compatibil cu Actros MP3 \u0219i<\/p>","protected":false},"featured_media":17082,"comment_status":"open","ping_status":"closed","template":"","meta":[],"product_brand":[541,593],"product_cat":[47,48,251,67,154,75,189],"product_tag":[],"woo-feed-brand":[],"class_list":{"0":"post-17080","1":"product","2":"type-product","3":"status-publish","4":"has-post-thumbnail","6":"product_brand-mercedes-benz","7":"product_brand-oem","8":"product_cat-piese-auto-si-camioane-noi","9":"product_cat-piese-folosite-camioane-si-autoturisme","10":"product_cat-toate-produse","11":"product_cat-axa-punte","12":"product_cat-etrier-accesori","13":"product_cat-franare","14":"product_cat-accesorii-franare","16":"first","17":"instock","18":"sale","19":"purchasable","20":"product-type-simple"},"yoast_head":"<!-- This site is optimized with the Yoast SEO Premium plugin v25.6 (Yoast SEO v25.6-RC7) - https:\/\/yoast.com\/wordpress\/plugins\/seo\/ -->\n<title>Etrier Fr\u00e2n\u0103 MP3 \/ Axor \u2013 SN7012RC \/ K052391K50<\/title>\n<meta name=\"description\" content=\"Etrier fr\u00e2n\u0103 remanufacturat original Mercedes-Benz, compatibil cu Actros MP3 \u0219i Axor. Cod produc\u0103tor SN7012RC (Knorr-Bremse), K052391K50.\" \/>\n<meta name=\"robots\" content=\"index, follow, max-snippet:-1, max-image-preview:large, max-video-preview:-1\" \/>\n<link rel=\"canonical\" href=\"https:\/\/special-auto.ro\/en\/shop\/franare\/accesorii-franare\/etrier-frana-mp3-axor-sn7012rc-k052391k50-remanufacturat\/\" \/>\n<meta property=\"og:locale\" content=\"en_US\" \/>\n<meta property=\"og:type\" content=\"article\" \/>\n<meta property=\"og:title\" content=\"Etrier Fr\u00e2n\u0103 MP3 \/ Axor \u2013 SN7012RC \/ K052391K50 (remanufacturat) - Special Auto\" \/>\n<meta property=\"og:description\" content=\"Etrier fr\u00e2n\u0103 remanufacturat original Mercedes-Benz, compatibil cu Actros MP3 \u0219i Axor. Cod produc\u0103tor SN7012RC (Knorr-Bremse), K052391K50.\" \/>\n<meta property=\"og:url\" content=\"https:\/\/special-auto.ro\/en\/shop\/franare\/accesorii-franare\/etrier-frana-mp3-axor-sn7012rc-k052391k50-remanufacturat\/\" \/>\n<meta property=\"og:site_name\" content=\"Special Auto\" \/>\n<meta property=\"article:publisher\" content=\"https:\/\/www.facebook.com\/profile.php?id=61574400596936\" \/>\n<meta property=\"article:modified_time\" content=\"2025-09-10T11:33:42+00:00\" \/>\n<meta property=\"og:image\" content=\"https:\/\/special-auto.ro\/wp-content\/uploads\/2025\/07\/special_logo2.png\" \/>\n\t<meta property=\"og:image:width\" content=\"1024\" \/>\n\t<meta property=\"og:image:height\" content=\"1024\" \/>\n\t<meta property=\"og:image:type\" content=\"image\/png\" \/>\n<meta name=\"twitter:card\" content=\"summary_large_image\" \/>\n<script type=\"application\/ld+json\" class=\"yoast-schema-graph\">{\"@context\":\"https:\/\/schema.org\",\"@graph\":[{\"@type\":\"WebPage\",\"@id\":\"https:\/\/special-auto.ro\/shop\/franare\/accesorii-franare\/etrier-frana-mp3-axor-sn7012rc-k052391k50-remanufacturat\/\",\"url\":\"https:\/\/special-auto.ro\/shop\/franare\/accesorii-franare\/etrier-frana-mp3-axor-sn7012rc-k052391k50-remanufacturat\/\",\"name\":\"Etrier Fr\u00e2n\u0103 MP3 \/ Axor \u2013 SN7012RC \/ K052391K50\",\"isPartOf\":{\"@id\":\"https:\/\/special-auto.ro\/#website\"},\"primaryImageOfPage\":{\"@id\":\"https:\/\/special-auto.ro\/shop\/franare\/accesorii-franare\/etrier-frana-mp3-axor-sn7012rc-k052391k50-remanufacturat\/#primaryimage\"},\"image\":{\"@id\":\"https:\/\/special-auto.ro\/shop\/franare\/accesorii-franare\/etrier-frana-mp3-axor-sn7012rc-k052391k50-remanufacturat\/#primaryimage\"},\"thumbnailUrl\":\"https:\/\/special-auto.ro\/wp-content\/uploads\/2025\/08\/EtrierMP3-Axor-SN7012RC-K052391K50.avif\",\"datePublished\":\"2025-08-11T20:25:19+00:00\",\"dateModified\":\"2025-09-10T11:33:42+00:00\",\"description\":\"Etrier fr\u00e2n\u0103 remanufacturat original Mercedes-Benz, compatibil cu Actros MP3 \u0219i Axor. Cod produc\u0103tor SN7012RC (Knorr-Bremse), K052391K50.\",\"breadcrumb\":{\"@id\":\"https:\/\/special-auto.ro\/shop\/franare\/accesorii-franare\/etrier-frana-mp3-axor-sn7012rc-k052391k50-remanufacturat\/#breadcrumb\"},\"inLanguage\":\"en-US\",\"potentialAction\":[{\"@type\":\"ReadAction\",\"target\":[\"https:\/\/special-auto.ro\/shop\/franare\/accesorii-franare\/etrier-frana-mp3-axor-sn7012rc-k052391k50-remanufacturat\/\"]}]},{\"@type\":\"ImageObject\",\"inLanguage\":\"en-US\",\"@id\":\"https:\/\/special-auto.ro\/shop\/franare\/accesorii-franare\/etrier-frana-mp3-axor-sn7012rc-k052391k50-remanufacturat\/#primaryimage\",\"url\":\"https:\/\/special-auto.ro\/wp-content\/uploads\/2025\/08\/EtrierMP3-Axor-SN7012RC-K052391K50.avif\",\"contentUrl\":\"https:\/\/special-auto.ro\/wp-content\/uploads\/2025\/08\/EtrierMP3-Axor-SN7012RC-K052391K50.avif\",\"width\":640,\"height\":640,\"caption\":\"Etrier Fr\u00e2n\u0103 MP3 \/ Axor Reman SN7012RC \u2013 K052391K50\"},{\"@type\":\"BreadcrumbList\",\"@id\":\"https:\/\/special-auto.ro\/shop\/franare\/accesorii-franare\/etrier-frana-mp3-axor-sn7012rc-k052391k50-remanufacturat\/#breadcrumb\",\"itemListElement\":[{\"@type\":\"ListItem\",\"position\":1,\"name\":\"Prima pagin\u0103\",\"item\":\"https:\/\/special-auto.ro\/\"},{\"@type\":\"ListItem\",\"position\":2,\"name\":\"Magazin\",\"item\":\"https:\/\/special-auto.ro\/shop\/\"},{\"@type\":\"ListItem\",\"position\":3,\"name\":\"Produse noi\",\"item\":\"https:\/\/special-auto.ro\/cat\/piese-auto-si-camioane-noi\/\"},{\"@type\":\"ListItem\",\"position\":4,\"name\":\"Etrier Fr\u00e2n\u0103 MP3 \/ Axor \u2013 SN7012RC \/ K052391K50 (remanufacturat)\"}]},{\"@type\":\"WebSite\",\"@id\":\"https:\/\/special-auto.ro\/#website\",\"url\":\"https:\/\/special-auto.ro\/\",\"name\":\"Special Auto\",\"description\":\"Servicii in jurul camionului\",\"publisher\":{\"@id\":\"https:\/\/special-auto.ro\/#organization\"},\"potentialAction\":[{\"@type\":\"SearchAction\",\"target\":{\"@type\":\"EntryPoint\",\"urlTemplate\":\"https:\/\/special-auto.ro\/?s={search_term_string}\"},\"query-input\":{\"@type\":\"PropertyValueSpecification\",\"valueRequired\":true,\"valueName\":\"search_term_string\"}}],\"inLanguage\":\"en-US\"},{\"@type\":\"Organization\",\"@id\":\"https:\/\/special-auto.ro\/#organization\",\"name\":\"Special Auto SRL\",\"url\":\"https:\/\/special-auto.ro\/\",\"logo\":{\"@type\":\"ImageObject\",\"inLanguage\":\"en-US\",\"@id\":\"https:\/\/special-auto.ro\/#\/schema\/logo\/image\/\",\"url\":\"https:\/\/special-auto.ro\/wp-content\/uploads\/2025\/07\/cropped-logo_heavybg_special.png\",\"contentUrl\":\"https:\/\/special-auto.ro\/wp-content\/uploads\/2025\/07\/cropped-logo_heavybg_special.png\",\"width\":512,\"height\":512,\"caption\":\"Special Auto SRL\"},\"image\":{\"@id\":\"https:\/\/special-auto.ro\/#\/schema\/logo\/image\/\"},\"sameAs\":[\"https:\/\/www.facebook.com\/profile.php?id=61574400596936\"],\"email\":\"office@special-auto.ro\",\"telephone\":\"+40740031192\",\"legalName\":\"Special Auto SRL\",\"foundingDate\":\"2000-05-10\",\"numberOfEmployees\":{\"@type\":\"QuantitativeValue\",\"minValue\":\"1\",\"maxValue\":\"10\"},\"publishingPrinciples\":\"https:\/\/special-auto.ro\/\",\"ownershipFundingInfo\":\"https:\/\/special-auto.ro\/politica-interna\/\"}]}<\/script>\n<!-- \/ Yoast SEO Premium plugin. -->","yoast_head_json":{"title":"Etrier Fr\u00e2n\u0103 MP3 \/ Axor \u2013 SN7012RC \/ K052391K50","description":"Etrier fr\u00e2n\u0103 remanufacturat original Mercedes-Benz, compatibil cu Actros MP3 \u0219i Axor. Cod produc\u0103tor SN7012RC (Knorr-Bremse), K052391K50.","robots":{"index":"index","follow":"follow","max-snippet":"max-snippet:-1","max-image-preview":"max-image-preview:large","max-video-preview":"max-video-preview:-1"},"canonical":"https:\/\/special-auto.ro\/en\/shop\/franare\/accesorii-franare\/etrier-frana-mp3-axor-sn7012rc-k052391k50-remanufacturat\/","og_locale":"en_US","og_type":"article","og_title":"Etrier Fr\u00e2n\u0103 MP3 \/ Axor \u2013 SN7012RC \/ K052391K50 (remanufacturat) - Special Auto","og_description":"Etrier fr\u00e2n\u0103 remanufacturat original Mercedes-Benz, compatibil cu Actros MP3 \u0219i Axor. Cod produc\u0103tor SN7012RC (Knorr-Bremse), K052391K50.","og_url":"https:\/\/special-auto.ro\/en\/shop\/franare\/accesorii-franare\/etrier-frana-mp3-axor-sn7012rc-k052391k50-remanufacturat\/","og_site_name":"Special Auto","article_publisher":"https:\/\/www.facebook.com\/profile.php?id=61574400596936","article_modified_time":"2025-09-10T11:33:42+00:00","og_image":[{"width":1024,"height":1024,"url":"https:\/\/special-auto.ro\/wp-content\/uploads\/2025\/07\/special_logo2.png","type":"image\/png"}],"twitter_card":"summary_large_image","schema":{"@context":"https:\/\/schema.org","@graph":[{"@type":"WebPage","@id":"https:\/\/special-auto.ro\/shop\/franare\/accesorii-franare\/etrier-frana-mp3-axor-sn7012rc-k052391k50-remanufacturat\/","url":"https:\/\/special-auto.ro\/shop\/franare\/accesorii-franare\/etrier-frana-mp3-axor-sn7012rc-k052391k50-remanufacturat\/","name":"Etrier Fr\u00e2n\u0103 MP3 \/ Axor \u2013 SN7012RC \/ K052391K50","isPartOf":{"@id":"https:\/\/special-auto.ro\/#website"},"primaryImageOfPage":{"@id":"https:\/\/special-auto.ro\/shop\/franare\/accesorii-franare\/etrier-frana-mp3-axor-sn7012rc-k052391k50-remanufacturat\/#primaryimage"},"image":{"@id":"https:\/\/special-auto.ro\/shop\/franare\/accesorii-franare\/etrier-frana-mp3-axor-sn7012rc-k052391k50-remanufacturat\/#primaryimage"},"thumbnailUrl":"https:\/\/special-auto.ro\/wp-content\/uploads\/2025\/08\/EtrierMP3-Axor-SN7012RC-K052391K50.avif","datePublished":"2025-08-11T20:25:19+00:00","dateModified":"2025-09-10T11:33:42+00:00","description":"Etrier fr\u00e2n\u0103 remanufacturat original Mercedes-Benz, compatibil cu Actros MP3 \u0219i Axor. Cod produc\u0103tor SN7012RC (Knorr-Bremse), K052391K50.","breadcrumb":{"@id":"https:\/\/special-auto.ro\/shop\/franare\/accesorii-franare\/etrier-frana-mp3-axor-sn7012rc-k052391k50-remanufacturat\/#breadcrumb"},"inLanguage":"en-US","potentialAction":[{"@type":"ReadAction","target":["https:\/\/special-auto.ro\/shop\/franare\/accesorii-franare\/etrier-frana-mp3-axor-sn7012rc-k052391k50-remanufacturat\/"]}]},{"@type":"ImageObject","inLanguage":"en-US","@id":"https:\/\/special-auto.ro\/shop\/franare\/accesorii-franare\/etrier-frana-mp3-axor-sn7012rc-k052391k50-remanufacturat\/#primaryimage","url":"https:\/\/special-auto.ro\/wp-content\/uploads\/2025\/08\/EtrierMP3-Axor-SN7012RC-K052391K50.avif","contentUrl":"https:\/\/special-auto.ro\/wp-content\/uploads\/2025\/08\/EtrierMP3-Axor-SN7012RC-K052391K50.avif","width":640,"height":640,"caption":"Etrier Fr\u00e2n\u0103 MP3 \/ Axor Reman SN7012RC \u2013 K052391K50"},{"@type":"BreadcrumbList","@id":"https:\/\/special-auto.ro\/shop\/franare\/accesorii-franare\/etrier-frana-mp3-axor-sn7012rc-k052391k50-remanufacturat\/#breadcrumb","itemListElement":[{"@type":"ListItem","position":1,"name":"Prima pagin\u0103","item":"https:\/\/special-auto.ro\/"},{"@type":"ListItem","position":2,"name":"Magazin","item":"https:\/\/special-auto.ro\/shop\/"},{"@type":"ListItem","position":3,"name":"Produse noi","item":"https:\/\/special-auto.ro\/cat\/piese-auto-si-camioane-noi\/"},{"@type":"ListItem","position":4,"name":"Etrier Fr\u00e2n\u0103 MP3 \/ Axor \u2013 SN7012RC \/ K052391K50 (remanufacturat)"}]},{"@type":"WebSite","@id":"https:\/\/special-auto.ro\/#website","url":"https:\/\/special-auto.ro\/","name":"Special Auto","description":"Servicii in jurul camionului","publisher":{"@id":"https:\/\/special-auto.ro\/#organization"},"potentialAction":[{"@type":"SearchAction","target":{"@type":"EntryPoint","urlTemplate":"https:\/\/special-auto.ro\/?s={search_term_string}"},"query-input":{"@type":"PropertyValueSpecification","valueRequired":true,"valueName":"search_term_string"}}],"inLanguage":"en-US"},{"@type":"Organization","@id":"https:\/\/special-auto.ro\/#organization","name":"Special Auto SRL","url":"https:\/\/special-auto.ro\/","logo":{"@type":"ImageObject","inLanguage":"en-US","@id":"https:\/\/special-auto.ro\/#\/schema\/logo\/image\/","url":"https:\/\/special-auto.ro\/wp-content\/uploads\/2025\/07\/cropped-logo_heavybg_special.png","contentUrl":"https:\/\/special-auto.ro\/wp-content\/uploads\/2025\/07\/cropped-logo_heavybg_special.png","width":512,"height":512,"caption":"Special Auto SRL"},"image":{"@id":"https:\/\/special-auto.ro\/#\/schema\/logo\/image\/"},"sameAs":["https:\/\/www.facebook.com\/profile.php?id=61574400596936"],"email":"office@special-auto.ro","telephone":"+40740031192","legalName":"Special Auto SRL","foundingDate":"2000-05-10","numberOfEmployees":{"@type":"QuantitativeValue","minValue":"1","maxValue":"10"},"publishingPrinciples":"https:\/\/special-auto.ro\/","ownershipFundingInfo":"https:\/\/special-auto.ro\/politica-interna\/"}]}},"_links":{"self":[{"href":"https:\/\/special-auto.ro\/en\/wp-json\/wp\/v2\/product\/17080","targetHints":{"allow":["GET"]}}],"collection":[{"href":"https:\/\/special-auto.ro\/en\/wp-json\/wp\/v2\/product"}],"about":[{"href":"https:\/\/special-auto.ro\/en\/wp-json\/wp\/v2\/types\/product"}],"replies":[{"embeddable":true,"href":"https:\/\/special-auto.ro\/en\/wp-json\/wp\/v2\/comments?post=17080"}],"wp:featuredmedia":[{"embeddable":true,"href":"https:\/\/special-auto.ro\/en\/wp-json\/wp\/v2\/media\/17082"}],"wp:attachment":[{"href":"https:\/\/special-auto.ro\/en\/wp-json\/wp\/v2\/media?parent=17080"}],"wp:term":[{"taxonomy":"product_brand","embeddable":true,"href":"https:\/\/special-auto.ro\/en\/wp-json\/wp\/v2\/product_brand?post=17080"},{"taxonomy":"product_cat","embeddable":true,"href":"https:\/\/special-auto.ro\/en\/wp-json\/wp\/v2\/product_cat?post=17080"},{"taxonomy":"product_tag","embeddable":true,"href":"https:\/\/special-auto.ro\/en\/wp-json\/wp\/v2\/product_tag?post=17080"},{"taxonomy":"woo-feed-brand","embeddable":true,"href":"https:\/\/special-auto.ro\/en\/wp-json\/wp\/v2\/woo-feed-brand?post=17080"}],"curies":[{"name":"wp","href":"https:\/\/api.w.org\/{rel}","templated":true}]}}