{"id":16941,"date":"2025-08-05T16:19:49","date_gmt":"2025-08-05T13:19:49","guid":{"rendered":"https:\/\/special-auto.ro\/?post_type=product&#038;p=16941"},"modified":"2025-09-10T14:13:08","modified_gmt":"2025-09-10T11:13:08","slug":"intercooler-mercedes-benz-actros-mp2-mp3-low-liner-mega-space","status":"publish","type":"product","link":"https:\/\/special-auto.ro\/en\/shop\/piese-folosite-camioane-si-autoturisme\/intercooler-mercedes-benz-actros-mp2-mp3-low-liner-mega-space\/","title":{"rendered":"Intercooler Mercedes-Benz Actros MP2-MP3 (Low Liner \/ Mega Space)"},"content":{"rendered":"<p>Intercooler Mercedes-Benz Actros MP2-MP3 (Low Liner \/ Mega Space). Component\u0103 esen\u021bial\u0103 a sistemului de admisie, aceast\u0103 pies\u0103 asigur\u0103 r\u0103cirea aerului comprimat de turbo\u00eenc\u0103rc\u0103tor \u00eenainte de a intra \u00een motor.<\/p>\n<div class=\"my-2\"><strong>Cod pies\u0103:<\/strong> A 942 501 09 01 \/\/ A 942 501 10 01<\/div>\n<h2>Specifica\u021bii tehnice:<\/h2>\n<ul>\n<li>Dimensiuni standard conform specifica\u021biilor Mercedes<\/li>\n<li>Construc\u021bie din aluminiu de \u00eenalt\u0103 calitate<\/li>\n<li>Sistem de r\u0103cire eficient pentru men\u021binerea temperaturii optime<\/li>\n<li>Presiune maxim\u0103 de lucru: 2.5 bar<\/li>\n<li>Compatibil cu motoarele OM460, OM501 \u0219i OM502<\/li>\n<\/ul>\n<div class=\"my-2\"><\/div>\n<h2>Func\u021bionalitate:<\/h2>\n<p>Intercoolerul reduce temperatura aerului de admisie, cre\u00e2nd o densitate mai mare a amestecului aer-combustibil. Acest lucru permite o ardere mai eficient\u0103, cre\u0219terea puterii motorului \u0219i reducerea emisiilor de NOx.<\/p>","protected":false},"excerpt":{"rendered":"<p>Intercooler Mercedes-Benz Actros MP2-MP3 (Low Liner \/ Mega Space). Component\u0103 esen\u021bial\u0103 a sistemului de admisie, aceast\u0103 pies\u0103 asigur\u0103 r\u0103cirea aerului<\/p>","protected":false},"featured_media":16942,"comment_status":"open","ping_status":"closed","template":"","meta":[],"product_brand":[541],"product_cat":[48,71],"product_tag":[],"woo-feed-brand":[],"class_list":{"0":"post-16941","1":"product","2":"type-product","3":"status-publish","4":"has-post-thumbnail","6":"product_brand-mercedes-benz","7":"product_cat-piese-folosite-camioane-si-autoturisme","8":"product_cat-filtru-tubulatura-esapament-carcasa","10":"first","11":"instock","12":"featured","13":"sold-individually","14":"taxable","15":"shipping-taxable","16":"purchasable","17":"product-type-simple"},"yoast_head":"<!-- This site is optimized with the Yoast SEO Premium plugin v25.6 (Yoast SEO v25.6-RC7) - https:\/\/yoast.com\/wordpress\/plugins\/seo\/ -->\n<title>Intercooler Mercedes-Benz Actros MP2-MP3 (Low Liner \/ Mega Space) - Special Auto<\/title>\n<meta name=\"description\" content=\"Comand\u0103 acum! - Intercooler Mercedes-Benz Actros MP2-MP3 (Low Liner \/ Mega Space) de la Special Auto cu livrare rapid\u0103!\" \/>\n<meta name=\"robots\" content=\"index, follow, max-snippet:-1, max-image-preview:large, max-video-preview:-1\" \/>\n<link rel=\"canonical\" href=\"https:\/\/special-auto.ro\/en\/shop\/piese-folosite-camioane-si-autoturisme\/intercooler-mercedes-benz-actros-mp2-mp3-low-liner-mega-space\/\" \/>\n<meta property=\"og:locale\" content=\"en_US\" \/>\n<meta property=\"og:type\" content=\"article\" \/>\n<meta property=\"og:title\" content=\"Intercooler Mercedes-Benz Actros MP2-MP3 (Low Liner \/ Mega Space) - Special Auto\" \/>\n<meta property=\"og:description\" content=\"Comand\u0103 acum! - Intercooler Mercedes-Benz Actros MP2-MP3 (Low Liner \/ Mega Space) de la Special Auto cu livrare rapid\u0103!\" \/>\n<meta property=\"og:url\" content=\"https:\/\/special-auto.ro\/en\/shop\/piese-folosite-camioane-si-autoturisme\/intercooler-mercedes-benz-actros-mp2-mp3-low-liner-mega-space\/\" \/>\n<meta property=\"og:site_name\" content=\"Special Auto\" \/>\n<meta property=\"article:publisher\" content=\"https:\/\/www.facebook.com\/profile.php?id=61574400596936\" \/>\n<meta property=\"article:modified_time\" content=\"2025-09-10T11:13:08+00:00\" \/>\n<meta property=\"og:image\" content=\"https:\/\/special-auto.ro\/wp-content\/uploads\/2025\/08\/Intercooler-OM-501-Actros-MP2-MP3.webp\" \/>\n\t<meta property=\"og:image:width\" content=\"1440\" \/>\n\t<meta property=\"og:image:height\" content=\"1080\" \/>\n\t<meta property=\"og:image:type\" content=\"image\/webp\" \/>\n<meta name=\"twitter:card\" content=\"summary_large_image\" \/>\n<script type=\"application\/ld+json\" class=\"yoast-schema-graph\">{\"@context\":\"https:\/\/schema.org\",\"@graph\":[{\"@type\":\"WebPage\",\"@id\":\"https:\/\/special-auto.ro\/shop\/piese-folosite-camioane-si-autoturisme\/intercooler-mercedes-benz-actros-mp2-mp3-low-liner-mega-space\/\",\"url\":\"https:\/\/special-auto.ro\/shop\/piese-folosite-camioane-si-autoturisme\/intercooler-mercedes-benz-actros-mp2-mp3-low-liner-mega-space\/\",\"name\":\"Intercooler Mercedes-Benz Actros MP2-MP3 (Low Liner \/ Mega Space) - Special Auto\",\"isPartOf\":{\"@id\":\"https:\/\/special-auto.ro\/#website\"},\"primaryImageOfPage\":{\"@id\":\"https:\/\/special-auto.ro\/shop\/piese-folosite-camioane-si-autoturisme\/intercooler-mercedes-benz-actros-mp2-mp3-low-liner-mega-space\/#primaryimage\"},\"image\":{\"@id\":\"https:\/\/special-auto.ro\/shop\/piese-folosite-camioane-si-autoturisme\/intercooler-mercedes-benz-actros-mp2-mp3-low-liner-mega-space\/#primaryimage\"},\"thumbnailUrl\":\"https:\/\/special-auto.ro\/wp-content\/uploads\/2025\/08\/Intercooler-OM-501-Actros-MP2-MP3.webp\",\"datePublished\":\"2025-08-05T13:19:49+00:00\",\"dateModified\":\"2025-09-10T11:13:08+00:00\",\"description\":\"Comand\u0103 acum! - Intercooler Mercedes-Benz Actros MP2-MP3 (Low Liner \/ Mega Space) de la Special Auto cu livrare rapid\u0103!\",\"breadcrumb\":{\"@id\":\"https:\/\/special-auto.ro\/shop\/piese-folosite-camioane-si-autoturisme\/intercooler-mercedes-benz-actros-mp2-mp3-low-liner-mega-space\/#breadcrumb\"},\"inLanguage\":\"en-US\",\"potentialAction\":[{\"@type\":\"ReadAction\",\"target\":[\"https:\/\/special-auto.ro\/shop\/piese-folosite-camioane-si-autoturisme\/intercooler-mercedes-benz-actros-mp2-mp3-low-liner-mega-space\/\"]}]},{\"@type\":\"ImageObject\",\"inLanguage\":\"en-US\",\"@id\":\"https:\/\/special-auto.ro\/shop\/piese-folosite-camioane-si-autoturisme\/intercooler-mercedes-benz-actros-mp2-mp3-low-liner-mega-space\/#primaryimage\",\"url\":\"https:\/\/special-auto.ro\/wp-content\/uploads\/2025\/08\/Intercooler-OM-501-Actros-MP2-MP3.webp\",\"contentUrl\":\"https:\/\/special-auto.ro\/wp-content\/uploads\/2025\/08\/Intercooler-OM-501-Actros-MP2-MP3.webp\",\"width\":1440,\"height\":1080},{\"@type\":\"BreadcrumbList\",\"@id\":\"https:\/\/special-auto.ro\/shop\/piese-folosite-camioane-si-autoturisme\/intercooler-mercedes-benz-actros-mp2-mp3-low-liner-mega-space\/#breadcrumb\",\"itemListElement\":[{\"@type\":\"ListItem\",\"position\":1,\"name\":\"Prima pagin\u0103\",\"item\":\"https:\/\/special-auto.ro\/\"},{\"@type\":\"ListItem\",\"position\":2,\"name\":\"Magazin\",\"item\":\"https:\/\/special-auto.ro\/shop\/\"},{\"@type\":\"ListItem\",\"position\":3,\"name\":\"Admisie \/ evacuare\",\"item\":\"https:\/\/special-auto.ro\/cat\/filtru-tubulatura-esapament-carcasa\/\"},{\"@type\":\"ListItem\",\"position\":4,\"name\":\"Intercooler Mercedes-Benz Actros MP2-MP3 (Low Liner \/ Mega Space)\"}]},{\"@type\":\"WebSite\",\"@id\":\"https:\/\/special-auto.ro\/#website\",\"url\":\"https:\/\/special-auto.ro\/\",\"name\":\"Special Auto\",\"description\":\"Servicii in jurul camionului\",\"publisher\":{\"@id\":\"https:\/\/special-auto.ro\/#organization\"},\"potentialAction\":[{\"@type\":\"SearchAction\",\"target\":{\"@type\":\"EntryPoint\",\"urlTemplate\":\"https:\/\/special-auto.ro\/?s={search_term_string}\"},\"query-input\":{\"@type\":\"PropertyValueSpecification\",\"valueRequired\":true,\"valueName\":\"search_term_string\"}}],\"inLanguage\":\"en-US\"},{\"@type\":\"Organization\",\"@id\":\"https:\/\/special-auto.ro\/#organization\",\"name\":\"Special Auto SRL\",\"url\":\"https:\/\/special-auto.ro\/\",\"logo\":{\"@type\":\"ImageObject\",\"inLanguage\":\"en-US\",\"@id\":\"https:\/\/special-auto.ro\/#\/schema\/logo\/image\/\",\"url\":\"https:\/\/special-auto.ro\/wp-content\/uploads\/2025\/07\/cropped-logo_heavybg_special.png\",\"contentUrl\":\"https:\/\/special-auto.ro\/wp-content\/uploads\/2025\/07\/cropped-logo_heavybg_special.png\",\"width\":512,\"height\":512,\"caption\":\"Special Auto SRL\"},\"image\":{\"@id\":\"https:\/\/special-auto.ro\/#\/schema\/logo\/image\/\"},\"sameAs\":[\"https:\/\/www.facebook.com\/profile.php?id=61574400596936\"],\"email\":\"office@special-auto.ro\",\"telephone\":\"+40740031192\",\"legalName\":\"Special Auto SRL\",\"foundingDate\":\"2000-05-10\",\"numberOfEmployees\":{\"@type\":\"QuantitativeValue\",\"minValue\":\"1\",\"maxValue\":\"10\"},\"publishingPrinciples\":\"https:\/\/special-auto.ro\/\",\"ownershipFundingInfo\":\"https:\/\/special-auto.ro\/politica-interna\/\"}]}<\/script>\n<!-- \/ Yoast SEO Premium plugin. -->","yoast_head_json":{"title":"Intercooler Mercedes-Benz Actros MP2-MP3 (Low Liner \/ Mega Space) - Special Auto","description":"Comand\u0103 acum! - Intercooler Mercedes-Benz Actros MP2-MP3 (Low Liner \/ Mega Space) de la Special Auto cu livrare rapid\u0103!","robots":{"index":"index","follow":"follow","max-snippet":"max-snippet:-1","max-image-preview":"max-image-preview:large","max-video-preview":"max-video-preview:-1"},"canonical":"https:\/\/special-auto.ro\/en\/shop\/piese-folosite-camioane-si-autoturisme\/intercooler-mercedes-benz-actros-mp2-mp3-low-liner-mega-space\/","og_locale":"en_US","og_type":"article","og_title":"Intercooler Mercedes-Benz Actros MP2-MP3 (Low Liner \/ Mega Space) - Special Auto","og_description":"Comand\u0103 acum! - Intercooler Mercedes-Benz Actros MP2-MP3 (Low Liner \/ Mega Space) de la Special Auto cu livrare rapid\u0103!","og_url":"https:\/\/special-auto.ro\/en\/shop\/piese-folosite-camioane-si-autoturisme\/intercooler-mercedes-benz-actros-mp2-mp3-low-liner-mega-space\/","og_site_name":"Special Auto","article_publisher":"https:\/\/www.facebook.com\/profile.php?id=61574400596936","article_modified_time":"2025-09-10T11:13:08+00:00","og_image":[{"width":1440,"height":1080,"url":"https:\/\/special-auto.ro\/wp-content\/uploads\/2025\/08\/Intercooler-OM-501-Actros-MP2-MP3.webp","type":"image\/webp"}],"twitter_card":"summary_large_image","schema":{"@context":"https:\/\/schema.org","@graph":[{"@type":"WebPage","@id":"https:\/\/special-auto.ro\/shop\/piese-folosite-camioane-si-autoturisme\/intercooler-mercedes-benz-actros-mp2-mp3-low-liner-mega-space\/","url":"https:\/\/special-auto.ro\/shop\/piese-folosite-camioane-si-autoturisme\/intercooler-mercedes-benz-actros-mp2-mp3-low-liner-mega-space\/","name":"Intercooler Mercedes-Benz Actros MP2-MP3 (Low Liner \/ Mega Space) - Special Auto","isPartOf":{"@id":"https:\/\/special-auto.ro\/#website"},"primaryImageOfPage":{"@id":"https:\/\/special-auto.ro\/shop\/piese-folosite-camioane-si-autoturisme\/intercooler-mercedes-benz-actros-mp2-mp3-low-liner-mega-space\/#primaryimage"},"image":{"@id":"https:\/\/special-auto.ro\/shop\/piese-folosite-camioane-si-autoturisme\/intercooler-mercedes-benz-actros-mp2-mp3-low-liner-mega-space\/#primaryimage"},"thumbnailUrl":"https:\/\/special-auto.ro\/wp-content\/uploads\/2025\/08\/Intercooler-OM-501-Actros-MP2-MP3.webp","datePublished":"2025-08-05T13:19:49+00:00","dateModified":"2025-09-10T11:13:08+00:00","description":"Comand\u0103 acum! - Intercooler Mercedes-Benz Actros MP2-MP3 (Low Liner \/ Mega Space) de la Special Auto cu livrare rapid\u0103!","breadcrumb":{"@id":"https:\/\/special-auto.ro\/shop\/piese-folosite-camioane-si-autoturisme\/intercooler-mercedes-benz-actros-mp2-mp3-low-liner-mega-space\/#breadcrumb"},"inLanguage":"en-US","potentialAction":[{"@type":"ReadAction","target":["https:\/\/special-auto.ro\/shop\/piese-folosite-camioane-si-autoturisme\/intercooler-mercedes-benz-actros-mp2-mp3-low-liner-mega-space\/"]}]},{"@type":"ImageObject","inLanguage":"en-US","@id":"https:\/\/special-auto.ro\/shop\/piese-folosite-camioane-si-autoturisme\/intercooler-mercedes-benz-actros-mp2-mp3-low-liner-mega-space\/#primaryimage","url":"https:\/\/special-auto.ro\/wp-content\/uploads\/2025\/08\/Intercooler-OM-501-Actros-MP2-MP3.webp","contentUrl":"https:\/\/special-auto.ro\/wp-content\/uploads\/2025\/08\/Intercooler-OM-501-Actros-MP2-MP3.webp","width":1440,"height":1080},{"@type":"BreadcrumbList","@id":"https:\/\/special-auto.ro\/shop\/piese-folosite-camioane-si-autoturisme\/intercooler-mercedes-benz-actros-mp2-mp3-low-liner-mega-space\/#breadcrumb","itemListElement":[{"@type":"ListItem","position":1,"name":"Prima pagin\u0103","item":"https:\/\/special-auto.ro\/"},{"@type":"ListItem","position":2,"name":"Magazin","item":"https:\/\/special-auto.ro\/shop\/"},{"@type":"ListItem","position":3,"name":"Admisie \/ evacuare","item":"https:\/\/special-auto.ro\/cat\/filtru-tubulatura-esapament-carcasa\/"},{"@type":"ListItem","position":4,"name":"Intercooler Mercedes-Benz Actros MP2-MP3 (Low Liner \/ Mega Space)"}]},{"@type":"WebSite","@id":"https:\/\/special-auto.ro\/#website","url":"https:\/\/special-auto.ro\/","name":"Special Auto","description":"Servicii in jurul camionului","publisher":{"@id":"https:\/\/special-auto.ro\/#organization"},"potentialAction":[{"@type":"SearchAction","target":{"@type":"EntryPoint","urlTemplate":"https:\/\/special-auto.ro\/?s={search_term_string}"},"query-input":{"@type":"PropertyValueSpecification","valueRequired":true,"valueName":"search_term_string"}}],"inLanguage":"en-US"},{"@type":"Organization","@id":"https:\/\/special-auto.ro\/#organization","name":"Special Auto SRL","url":"https:\/\/special-auto.ro\/","logo":{"@type":"ImageObject","inLanguage":"en-US","@id":"https:\/\/special-auto.ro\/#\/schema\/logo\/image\/","url":"https:\/\/special-auto.ro\/wp-content\/uploads\/2025\/07\/cropped-logo_heavybg_special.png","contentUrl":"https:\/\/special-auto.ro\/wp-content\/uploads\/2025\/07\/cropped-logo_heavybg_special.png","width":512,"height":512,"caption":"Special Auto SRL"},"image":{"@id":"https:\/\/special-auto.ro\/#\/schema\/logo\/image\/"},"sameAs":["https:\/\/www.facebook.com\/profile.php?id=61574400596936"],"email":"office@special-auto.ro","telephone":"+40740031192","legalName":"Special Auto SRL","foundingDate":"2000-05-10","numberOfEmployees":{"@type":"QuantitativeValue","minValue":"1","maxValue":"10"},"publishingPrinciples":"https:\/\/special-auto.ro\/","ownershipFundingInfo":"https:\/\/special-auto.ro\/politica-interna\/"}]}},"_links":{"self":[{"href":"https:\/\/special-auto.ro\/en\/wp-json\/wp\/v2\/product\/16941","targetHints":{"allow":["GET"]}}],"collection":[{"href":"https:\/\/special-auto.ro\/en\/wp-json\/wp\/v2\/product"}],"about":[{"href":"https:\/\/special-auto.ro\/en\/wp-json\/wp\/v2\/types\/product"}],"replies":[{"embeddable":true,"href":"https:\/\/special-auto.ro\/en\/wp-json\/wp\/v2\/comments?post=16941"}],"wp:featuredmedia":[{"embeddable":true,"href":"https:\/\/special-auto.ro\/en\/wp-json\/wp\/v2\/media\/16942"}],"wp:attachment":[{"href":"https:\/\/special-auto.ro\/en\/wp-json\/wp\/v2\/media?parent=16941"}],"wp:term":[{"taxonomy":"product_brand","embeddable":true,"href":"https:\/\/special-auto.ro\/en\/wp-json\/wp\/v2\/product_brand?post=16941"},{"taxonomy":"product_cat","embeddable":true,"href":"https:\/\/special-auto.ro\/en\/wp-json\/wp\/v2\/product_cat?post=16941"},{"taxonomy":"product_tag","embeddable":true,"href":"https:\/\/special-auto.ro\/en\/wp-json\/wp\/v2\/product_tag?post=16941"},{"taxonomy":"woo-feed-brand","embeddable":true,"href":"https:\/\/special-auto.ro\/en\/wp-json\/wp\/v2\/woo-feed-brand?post=16941"}],"curies":[{"name":"wp","href":"https:\/\/api.w.org\/{rel}","templated":true}]}}