{"id":3010,"date":"2025-07-17T10:00:22","date_gmt":"2025-07-17T07:00:22","guid":{"rendered":"https:\/\/special-auto.ro\/?page_id=3010"},"modified":"2025-07-17T10:17:05","modified_gmt":"2025-07-17T07:17:05","slug":"politica-interna","status":"publish","type":"page","link":"https:\/\/special-auto.ro\/en\/politica-interna\/","title":{"rendered":"Politic\u0103 interna"},"content":{"rendered":"<div class=\"wpb-content-wrapper\"><div data-vc-full-width=\"true\" data-vc-full-width-temp=\"true\" data-vc-full-width-init=\"false\" data-vc-stretch-content=\"true\" class=\"vc_row wpb_row vc_row-fluid vc_row-no-padding vc_row-o-full-height vc_row-o-columns-middle vc_row-o-content-middle vc_row-flex wd-rs-68789f52601eb wd-section-stretch\"><div class=\"wpb_column vc_column_container vc_col-sm-12 text-center wd-rs-68789f770c0be\"><div class=\"vc_column-inner\"><div class=\"wpb_wrapper\">\n\t<div class=\"wpb_text_column wpb_content_element wpb_animate_when_almost_visible wpb_fadeIn fadeIn inline-element wd-animation-slide-from-left wd-animation-normal\" >\n\t\t<div class=\"wpb_wrapper\">\n\t\t\t<h1 style=\"text-align: left;\" data-start=\"138\" data-end=\"163\"><strong data-start=\"140\" data-end=\"163\">TERMENI \u0218I CONDI\u021aII<\/strong><\/h1>\n<p style=\"text-align: left;\" data-start=\"165\" data-end=\"324\">Efectuarea unei comenzi pe site-ul <a class=\"\" href=\"http:\/\/www.special-auto.ro\" target=\"_new\" rel=\"noopener\" data-start=\"200\" data-end=\"249\">www.special-auto.ro<\/a> reprezint\u0103 <strong data-start=\"261\" data-end=\"312\">acordul dumneavoastr\u0103 cu termenii \u0219i condi\u021biile<\/strong> de mai jos:<\/p>\n<hr data-start=\"326\" data-end=\"329\">\n<h2 style=\"text-align: left;\" data-start=\"331\" data-end=\"379\">1. <strong data-start=\"337\" data-end=\"379\">Comenzi \u0219i disponibilitatea produselor<\/strong><\/h2>\n<ul style=\"text-align: left;\" data-start=\"381\" data-end=\"627\">\n<li data-start=\"381\" data-end=\"482\">\n<p data-start=\"383\" data-end=\"482\">Email-ul generat automat dup\u0103 efectuarea unei comenzi <strong data-start=\"437\" data-end=\"481\">nu confirm\u0103 existen\u021ba produselor \u00een stoc<\/strong>.<\/p>\n<\/li>\n<li data-start=\"483\" data-end=\"627\">\n<p data-start=\"485\" data-end=\"627\">Comanda este considerat\u0103 valabil\u0103 <strong data-start=\"519\" data-end=\"578\">doar dup\u0103 ce sunte\u021bi contactat telefonic sau prin email<\/strong> \u0219i vi se confirm\u0103 <strong data-start=\"597\" data-end=\"626\">stocul \u0219i pre\u021bul pieselor<\/strong>.<\/p>\n<\/li>\n<\/ul>\n<hr data-start=\"629\" data-end=\"632\">\n<h2 style=\"text-align: left;\" data-start=\"634\" data-end=\"670\">2. <strong data-start=\"640\" data-end=\"670\">Confiden\u021bialitatea datelor<\/strong><\/h2>\n<ul style=\"text-align: left;\" data-start=\"672\" data-end=\"990\">\n<li data-start=\"672\" data-end=\"830\">\n<p data-start=\"674\" data-end=\"830\">Informa\u021biile oferite c\u0103tre <a class=\"\" href=\"http:\/\/www.special-auto.ro\" target=\"_new\" rel=\"noopener\" data-start=\"701\" data-end=\"720\">www.special-auto.ro<\/a> sunt utilizate <strong data-start=\"736\" data-end=\"797\">doar pentru procesarea comenzilor sau cererilor de ofert\u0103<\/strong>, conform legisla\u021biei \u00een vigoare.<\/p>\n<\/li>\n<li data-start=\"831\" data-end=\"990\">\n<p data-start=\"833\" data-end=\"990\">Nu furniz\u0103m adresele dumneavoastr\u0103 de email unor ter\u021bi, <strong data-start=\"889\" data-end=\"913\">nu \u00eencuraj\u0103m spam-ul<\/strong> \u0219i <strong data-start=\"917\" data-end=\"955\">nu facem publice datele clien\u021bilor<\/strong> f\u0103r\u0103 acordul explicit al acestora.<\/p>\n<\/li>\n<\/ul>\n<hr data-start=\"992\" data-end=\"995\">\n<h2 style=\"text-align: left;\" data-start=\"997\" data-end=\"1021\">3. <strong data-start=\"1003\" data-end=\"1021\">Plata \u00een avans<\/strong><\/h2>\n<ul style=\"text-align: left;\" data-start=\"1023\" data-end=\"1169\">\n<li data-start=\"1023\" data-end=\"1169\">\n<p data-start=\"1025\" data-end=\"1169\">Pentru anumite produse de origine, aduse la comand\u0103 din depozite externe, se poate solicita <strong data-start=\"1117\" data-end=\"1144\">un avans de minimum 30%<\/strong> din valoarea produsului.<\/p>\n<\/li>\n<\/ul>\n<hr data-start=\"1171\" data-end=\"1174\">\n<h2 style=\"text-align: left;\" data-start=\"1176\" data-end=\"1204\">4. <strong data-start=\"1182\" data-end=\"1204\">Produse \u0219i livrare<\/strong><\/h2>\n<ul style=\"text-align: left;\" data-start=\"1206\" data-end=\"1585\">\n<li data-start=\"1206\" data-end=\"1304\">\n<p data-start=\"1208\" data-end=\"1304\">Produsele comercializate sunt <strong data-start=\"1238\" data-end=\"1258\">noi sau folosite<\/strong> (specificat \u00een comand\u0103 pentru fiecare reper).<\/p>\n<\/li>\n<li data-start=\"1305\" data-end=\"1412\">\n<p data-start=\"1307\" data-end=\"1412\">Fiecare produs este livrat \u00eenso\u021bit de <strong data-start=\"1345\" data-end=\"1390\">factur\u0103 fiscal\u0103 \u0219i certificat de garan\u021bie<\/strong> (pentru piesele noi).<\/p>\n<\/li>\n<li data-start=\"1413\" data-end=\"1500\">\n<p data-start=\"1415\" data-end=\"1500\"><strong data-start=\"1415\" data-end=\"1500\">Pre\u021burile \u0219i specifica\u021biile tehnice pot fi modificate f\u0103r\u0103 notificare prealabil\u0103.<\/strong><\/p>\n<\/li>\n<li data-start=\"1501\" data-end=\"1585\">\n<p data-start=\"1503\" data-end=\"1585\">Fotografiile au caracter informativ \u0219i pot exista diferen\u021be fa\u021b\u0103 de produsul real.<\/p>\n<\/li>\n<\/ul>\n<hr data-start=\"1587\" data-end=\"1590\">\n<h2 style=\"text-align: left;\" data-start=\"1592\" data-end=\"1610\">5. <strong data-start=\"1598\" data-end=\"1610\">Garan\u021bie<\/strong><\/h2>\n<ul style=\"text-align: left;\" data-start=\"1612\" data-end=\"1975\">\n<li data-start=\"1612\" data-end=\"1708\">\n<p data-start=\"1614\" data-end=\"1708\">Produsele sunt <strong data-start=\"1629\" data-end=\"1670\">interschimbabile cu piesele originale<\/strong>, conform cataloagelor produc\u0103torilor.<\/p>\n<\/li>\n<li data-start=\"1709\" data-end=\"1784\">\n<p data-start=\"1711\" data-end=\"1784\">Garan\u021bia este oferit\u0103 conform <strong data-start=\"1741\" data-end=\"1759\">Legii 449\/2003<\/strong> \u0219i <strong data-start=\"1763\" data-end=\"1783\">O.G. nr. 21\/1992<\/strong>.<\/p>\n<\/li>\n<li data-start=\"1785\" data-end=\"1878\">\n<p data-start=\"1787\" data-end=\"1804\">Durata garan\u021biei:<\/p>\n<ul data-start=\"1807\" data-end=\"1878\">\n<li data-start=\"1807\" data-end=\"1839\">\n<p data-start=\"1809\" data-end=\"1839\"><strong data-start=\"1809\" data-end=\"1823\">Piese noi:<\/strong> p\u00e2n\u0103 la 18 luni<\/p>\n<\/li>\n<li data-start=\"1842\" data-end=\"1878\">\n<p data-start=\"1844\" data-end=\"1878\"><strong data-start=\"1844\" data-end=\"1863\">Piese folosite:<\/strong> p\u00e2n\u0103 la 3 luni<\/p>\n<\/li>\n<\/ul>\n<\/li>\n<li data-start=\"1879\" data-end=\"1975\">\n<p data-start=\"1881\" data-end=\"1975\">Garan\u021bia este valabil\u0103 \u00een baza facturii de achizi\u021bie \u0219i conform utiliz\u0103rii corecte a pieselor.<\/p>\n<\/li>\n<\/ul>\n<blockquote data-start=\"1977\" data-end=\"2100\">\n<p data-start=\"1979\" data-end=\"2100\">\u26a0\ufe0f <strong data-start=\"1982\" data-end=\"2046\">Produsele electronice second-hand NU beneficiaz\u0103 de garan\u021bie<\/strong>, deoarece nu pot fi testate complet \u0219i sunt folosite.<\/p>\n<\/blockquote>\n<hr data-start=\"2102\" data-end=\"2105\">\n<h2 style=\"text-align: left;\" data-start=\"2107\" data-end=\"2142\">6. <strong data-start=\"2113\" data-end=\"2142\">Comenzi online \u0219i stocuri<\/strong><\/h2>\n<ul style=\"text-align: left;\" data-start=\"2144\" data-end=\"2319\">\n<li data-start=\"2144\" data-end=\"2241\">\n<p data-start=\"2146\" data-end=\"2241\">Produsele se livreaz\u0103 <strong data-start=\"2168\" data-end=\"2206\">exclusiv pe baza comenzilor online<\/strong>, \u00een limita stocurilor disponibile.<\/p>\n<\/li>\n<li data-start=\"2242\" data-end=\"2319\">\n<p data-start=\"2244\" data-end=\"2319\">Pre\u021burile afi\u0219ate pe site pot fi modificate <strong data-start=\"2288\" data-end=\"2318\">f\u0103r\u0103 notificare prealabil\u0103<\/strong>.<\/p>\n<\/li>\n<\/ul>\n<hr data-start=\"2321\" data-end=\"2324\">\n<h2 style=\"text-align: left;\" data-start=\"2326\" data-end=\"2381\">7. <strong data-start=\"2332\" data-end=\"2381\">Piese recondi\u021bionate \u0219i schimb cu piesa veche<\/strong><\/h2>\n<p style=\"text-align: left;\" data-start=\"2383\" data-end=\"2405\">Pentru produse precum:<\/p>\n<ul style=\"text-align: left;\" data-start=\"2406\" data-end=\"2518\">\n<li data-start=\"2406\" data-end=\"2420\">\n<p data-start=\"2408\" data-end=\"2420\">alternatoare<\/p>\n<\/li>\n<li data-start=\"2421\" data-end=\"2437\">\n<p data-start=\"2423\" data-end=\"2437\">electromotoare<\/p>\n<\/li>\n<li data-start=\"2438\" data-end=\"2462\">\n<p data-start=\"2440\" data-end=\"2462\">pompe de servodirec\u021bie<\/p>\n<\/li>\n<li data-start=\"2463\" data-end=\"2478\">\n<p data-start=\"2465\" data-end=\"2478\">etrieri fr\u00e2n\u0103<\/p>\n<\/li>\n<li data-start=\"2479\" data-end=\"2499\">\n<p data-start=\"2481\" data-end=\"2499\">casete de direc\u021bie<\/p>\n<\/li>\n<li data-start=\"2500\" data-end=\"2518\">\n<p data-start=\"2502\" data-end=\"2518\">turbocompresoare<\/p>\n<\/li>\n<\/ul>\n<blockquote data-start=\"2520\" data-end=\"2647\">\n<p data-start=\"2522\" data-end=\"2647\">Se poate solicita <strong data-start=\"2540\" data-end=\"2565\">piesa veche la schimb<\/strong> sau se percepe <strong data-start=\"2581\" data-end=\"2604\">o tax\u0103 suplimentar\u0103<\/strong>, comunicat\u0103 \u00eenaintea confirm\u0103rii comenzii.<\/p>\n<\/blockquote>\n<p style=\"text-align: left;\" data-start=\"2649\" data-end=\"2677\"><strong data-start=\"2649\" data-end=\"2677\">Returnarea piesei vechi:<\/strong><\/p>\n<ul style=\"text-align: left;\" data-start=\"2678\" data-end=\"2808\">\n<li data-start=\"2678\" data-end=\"2708\">\n<p data-start=\"2680\" data-end=\"2708\">Se face \u00een maxim <strong data-start=\"2697\" data-end=\"2708\">14 zile<\/strong><\/p>\n<\/li>\n<li data-start=\"2709\" data-end=\"2808\">\n<p data-start=\"2711\" data-end=\"2726\">Trebuie s\u0103 fie:<\/p>\n<ul data-start=\"2729\" data-end=\"2808\">\n<li data-start=\"2729\" data-end=\"2749\">\n<p data-start=\"2731\" data-end=\"2749\">complet\u0103 \u0219i curat\u0103<\/p>\n<\/li>\n<li data-start=\"2752\" data-end=\"2808\">\n<p data-start=\"2754\" data-end=\"2808\">f\u0103r\u0103 fisuri, lovituri sau urme de repara\u021bii anterioare<\/p>\n<\/li>\n<\/ul>\n<\/li>\n<\/ul>\n<p style=\"text-align: left;\" data-start=\"2810\" data-end=\"2825\">\u26a0\ufe0f <strong data-start=\"2813\" data-end=\"2825\">Aten\u021bie:<\/strong><\/p>\n<ul style=\"text-align: left;\" data-start=\"2826\" data-end=\"3043\">\n<li data-start=\"2826\" data-end=\"2885\">\n<p data-start=\"2828\" data-end=\"2885\">Alternatoare \u0219i compresoare \u2192 <strong data-start=\"2858\" data-end=\"2885\">Fulia s\u0103 nu fie blocat\u0103<\/strong><\/p>\n<\/li>\n<li data-start=\"2886\" data-end=\"2930\">\n<p data-start=\"2888\" data-end=\"2930\">Electromotoare \u2192 <strong data-start=\"2905\" data-end=\"2930\">Axul s\u0103 nu fie blocat<\/strong><\/p>\n<\/li>\n<li data-start=\"2931\" data-end=\"2987\">\n<p data-start=\"2933\" data-end=\"2987\">Casete de direc\u021bie \u2192 <strong data-start=\"2954\" data-end=\"2987\">Cremaliera s\u0103 nu fie ruginit\u0103<\/strong><\/p>\n<\/li>\n<li data-start=\"2988\" data-end=\"3043\">\n<p data-start=\"2990\" data-end=\"3043\">Piesa veche se returneaz\u0103 \u00een <strong data-start=\"3019\" data-end=\"3043\">ambalajul piesei noi<\/strong><\/p>\n<\/li>\n<\/ul>\n<hr data-start=\"3045\" data-end=\"3048\">\n<h2 style=\"text-align: left;\" data-start=\"3050\" data-end=\"3078\">8. <strong data-start=\"3056\" data-end=\"3078\">Recep\u021bia coletelor<\/strong><\/h2>\n<p style=\"text-align: left;\" data-start=\"3080\" data-end=\"3147\">V\u0103 rug\u0103m <strong data-start=\"3089\" data-end=\"3146\">s\u0103 verifica\u021bi cu aten\u021bie produsele primite la livrare<\/strong>.<\/p>\n<ul style=\"text-align: left;\" data-start=\"3149\" data-end=\"3405\">\n<li data-start=\"3149\" data-end=\"3215\">\n<p data-start=\"3151\" data-end=\"3215\"><strong data-start=\"3151\" data-end=\"3203\">Orice lips\u0103 sau avarie trebuie semnalat\u0103 imediat<\/strong> curierului.<\/p>\n<\/li>\n<li data-start=\"3216\" data-end=\"3321\">\n<p data-start=\"3218\" data-end=\"3321\">Este <strong data-start=\"3223\" data-end=\"3283\">obligatorie completarea unui proces-verbal de constatare<\/strong> cu reprezentantul firmei de curierat.<\/p>\n<\/li>\n<li data-start=\"3322\" data-end=\"3405\">\n<p data-start=\"3324\" data-end=\"3405\"><strong data-start=\"3324\" data-end=\"3352\">F\u0103r\u0103 acest proces-verbal<\/strong>, sesiz\u0103rile ulterioare vor fi dificil de solu\u021bionat.<\/p>\n<\/li>\n<\/ul>\n<blockquote data-start=\"3407\" data-end=\"3629\">\n<p data-start=\"3409\" data-end=\"3629\">Dac\u0103 produsul nou este deteriorat (lovit, zg\u00e2riat, fisurat etc.), solicita\u021bi <strong data-start=\"3486\" data-end=\"3518\">\u00eentocmirea procesului-verbal<\/strong> \u0219i anun\u021ba\u021bi-ne <strong data-start=\"3534\" data-end=\"3556\">\u00een maxim 24 de ore<\/strong> la:<br data-start=\"3560\" data-end=\"3563\">\ud83d\udce7 <a class=\"cursor-pointer\" rel=\"noopener\" data-start=\"3566\" data-end=\"3629\">contact@special-auto.ro<\/a><\/p>\n<\/blockquote>\n<hr data-start=\"3631\" data-end=\"3634\">\n<h2 style=\"text-align: left;\" data-start=\"3636\" data-end=\"3666\">9. <strong data-start=\"3642\" data-end=\"3666\">Montaj \u0219i verificare<\/strong><\/h2>\n<ul data-start=\"3668\" data-end=\"3924\">\n<li style=\"text-align: left;\" data-start=\"3668\" data-end=\"3741\">\n<p data-start=\"3670\" data-end=\"3741\">Montajul pieselor trebuie efectuat <strong data-start=\"3705\" data-end=\"3740\">doar \u00een service autorizat R.A.R<\/strong>.<\/p>\n<\/li>\n<li style=\"text-align: left;\" data-start=\"3742\" data-end=\"3813\">\n<p data-start=\"3744\" data-end=\"3813\">\u00cenainte de montaj, <strong data-start=\"3763\" data-end=\"3812\">piesa nou\u0103 trebuie comparat\u0103 cu cea demontat\u0103<\/strong>.<\/p>\n<\/li>\n<li data-start=\"3814\" data-end=\"3924\">\n<p style=\"text-align: left;\" data-start=\"3816\" data-end=\"3924\">Nu monta\u021bi piese care nu corespund din punct de vedere al dimensiunilor, formei sau specifica\u021biilor tehnice.<\/p>\n<\/li>\n<\/ul>\n\n\t\t<\/div>\n\t<\/div>\n<\/div><\/div><\/div><\/div><div class=\"vc_row-full-width vc_clearfix\"><\/div>\n<\/div>","protected":false},"excerpt":{"rendered":"TERMENI \u0218I CONDI\u021aII Efectuarea unei comenzi pe site-ul www.special-auto.ro reprezint\u0103 acordul dumneavoastr\u0103 cu termenii \u0219i condi\u021biile de mai jos: 1.","protected":false},"author":1,"featured_media":0,"parent":0,"menu_order":0,"comment_status":"closed","ping_status":"closed","template":"","meta":{"footnotes":""},"class_list":["post-3010","page","type-page","status-publish","hentry"],"yoast_head":"<!-- This site is optimized with the Yoast SEO Premium plugin v25.6 (Yoast SEO v25.6-RC7) - https:\/\/yoast.com\/wordpress\/plugins\/seo\/ -->\n<title>Politic\u0103 interna - Special Auto<\/title>\n<meta name=\"description\" content=\"Politic\u0103 interna - pre\u021b redus, livrare rapid\u0103.\" \/>\n<meta name=\"robots\" content=\"index, follow, max-snippet:-1, max-image-preview:large, max-video-preview:-1\" \/>\n<link rel=\"canonical\" href=\"https:\/\/special-auto.ro\/en\/politica-interna\/\" \/>\n<meta property=\"og:locale\" content=\"en_US\" \/>\n<meta property=\"og:type\" content=\"article\" \/>\n<meta property=\"og:title\" content=\"Politic\u0103 interna\" \/>\n<meta property=\"og:description\" content=\"Politic\u0103 interna - pre\u021b redus, livrare rapid\u0103.\" \/>\n<meta property=\"og:url\" content=\"https:\/\/special-auto.ro\/en\/politica-interna\/\" \/>\n<meta property=\"og:site_name\" content=\"Special Auto\" \/>\n<meta property=\"article:publisher\" content=\"https:\/\/www.facebook.com\/profile.php?id=61574400596936\" \/>\n<meta property=\"article:modified_time\" content=\"2025-07-17T07:17:05+00:00\" \/>\n<meta property=\"og:image\" content=\"https:\/\/special-auto.ro\/wp-content\/uploads\/2025\/07\/special_logo2.png\" \/>\n\t<meta property=\"og:image:width\" content=\"1024\" \/>\n\t<meta property=\"og:image:height\" content=\"1024\" \/>\n\t<meta property=\"og:image:type\" content=\"image\/png\" \/>\n<meta name=\"twitter:card\" content=\"summary_large_image\" \/>\n<script type=\"application\/ld+json\" class=\"yoast-schema-graph\">{\"@context\":\"https:\/\/schema.org\",\"@graph\":[{\"@type\":\"TechArticle\",\"@id\":\"https:\/\/special-auto.ro\/politica-interna\/#article\",\"isPartOf\":{\"@id\":\"https:\/\/special-auto.ro\/politica-interna\/\"},\"author\":{\"name\":\"Horst Barth\",\"@id\":\"https:\/\/special-auto.ro\/#\/schema\/person\/664842a41cfe01e3f2fcbf10647fc1fe\"},\"headline\":\"Politic\u0103 interna\",\"datePublished\":\"2025-07-17T07:00:22+00:00\",\"dateModified\":\"2025-07-17T07:17:05+00:00\",\"mainEntityOfPage\":{\"@id\":\"https:\/\/special-auto.ro\/politica-interna\/\"},\"wordCount\":739,\"publisher\":{\"@id\":\"https:\/\/special-auto.ro\/#organization\"},\"inLanguage\":\"en-US\"},{\"@type\":\"WebPage\",\"@id\":\"https:\/\/special-auto.ro\/politica-interna\/\",\"url\":\"https:\/\/special-auto.ro\/politica-interna\/\",\"name\":\"Politic\u0103 interna - Special Auto\",\"isPartOf\":{\"@id\":\"https:\/\/special-auto.ro\/#website\"},\"datePublished\":\"2025-07-17T07:00:22+00:00\",\"dateModified\":\"2025-07-17T07:17:05+00:00\",\"description\":\"Politic\u0103 interna - pre\u021b redus, livrare rapid\u0103.\",\"breadcrumb\":{\"@id\":\"https:\/\/special-auto.ro\/politica-interna\/#breadcrumb\"},\"inLanguage\":\"en-US\",\"potentialAction\":[{\"@type\":\"ReadAction\",\"target\":[\"https:\/\/special-auto.ro\/politica-interna\/\"]}]},{\"@type\":\"BreadcrumbList\",\"@id\":\"https:\/\/special-auto.ro\/politica-interna\/#breadcrumb\",\"itemListElement\":[{\"@type\":\"ListItem\",\"position\":1,\"name\":\"Prima pagin\u0103\",\"item\":\"https:\/\/special-auto.ro\/\"},{\"@type\":\"ListItem\",\"position\":2,\"name\":\"Politic\u0103 interna\"}]},{\"@type\":\"WebSite\",\"@id\":\"https:\/\/special-auto.ro\/#website\",\"url\":\"https:\/\/special-auto.ro\/\",\"name\":\"Special Auto\",\"description\":\"Servicii in jurul camionului\",\"publisher\":{\"@id\":\"https:\/\/special-auto.ro\/#organization\"},\"potentialAction\":[{\"@type\":\"SearchAction\",\"target\":{\"@type\":\"EntryPoint\",\"urlTemplate\":\"https:\/\/special-auto.ro\/?s={search_term_string}\"},\"query-input\":{\"@type\":\"PropertyValueSpecification\",\"valueRequired\":true,\"valueName\":\"search_term_string\"}}],\"inLanguage\":\"en-US\"},{\"@type\":\"Organization\",\"@id\":\"https:\/\/special-auto.ro\/#organization\",\"name\":\"Special Auto SRL\",\"url\":\"https:\/\/special-auto.ro\/\",\"logo\":{\"@type\":\"ImageObject\",\"inLanguage\":\"en-US\",\"@id\":\"https:\/\/special-auto.ro\/#\/schema\/logo\/image\/\",\"url\":\"https:\/\/special-auto.ro\/wp-content\/uploads\/2025\/07\/cropped-logo_heavybg_special.png\",\"contentUrl\":\"https:\/\/special-auto.ro\/wp-content\/uploads\/2025\/07\/cropped-logo_heavybg_special.png\",\"width\":512,\"height\":512,\"caption\":\"Special Auto SRL\"},\"image\":{\"@id\":\"https:\/\/special-auto.ro\/#\/schema\/logo\/image\/\"},\"sameAs\":[\"https:\/\/www.facebook.com\/profile.php?id=61574400596936\"],\"email\":\"office@special-auto.ro\",\"telephone\":\"+40740031192\",\"legalName\":\"Special Auto SRL\",\"foundingDate\":\"2000-05-10\",\"numberOfEmployees\":{\"@type\":\"QuantitativeValue\",\"minValue\":\"1\",\"maxValue\":\"10\"},\"publishingPrinciples\":\"https:\/\/special-auto.ro\/\",\"ownershipFundingInfo\":\"https:\/\/special-auto.ro\/politica-interna\/\"},{\"@type\":\"Person\",\"@id\":\"https:\/\/special-auto.ro\/#\/schema\/person\/664842a41cfe01e3f2fcbf10647fc1fe\",\"name\":\"Horst Barth\",\"image\":{\"@type\":\"ImageObject\",\"inLanguage\":\"en-US\",\"@id\":\"https:\/\/special-auto.ro\/#\/schema\/person\/image\/\",\"url\":\"https:\/\/special-auto.ro\/wp-content\/litespeed\/avatar\/35ef9d70c0df13c317f4a0a0f98b30cb.jpg?ver=1777569992\",\"contentUrl\":\"https:\/\/special-auto.ro\/wp-content\/litespeed\/avatar\/35ef9d70c0df13c317f4a0a0f98b30cb.jpg?ver=1777569992\",\"caption\":\"Horst Barth\"},\"sameAs\":[\"http:\/\/www.special-auto.ro\"]}]}<\/script>\n<!-- \/ Yoast SEO Premium plugin. -->","yoast_head_json":{"title":"Politic\u0103 interna - Special Auto","description":"Politic\u0103 interna - pre\u021b redus, livrare rapid\u0103.","robots":{"index":"index","follow":"follow","max-snippet":"max-snippet:-1","max-image-preview":"max-image-preview:large","max-video-preview":"max-video-preview:-1"},"canonical":"https:\/\/special-auto.ro\/en\/politica-interna\/","og_locale":"en_US","og_type":"article","og_title":"Politic\u0103 interna","og_description":"Politic\u0103 interna - pre\u021b redus, livrare rapid\u0103.","og_url":"https:\/\/special-auto.ro\/en\/politica-interna\/","og_site_name":"Special Auto","article_publisher":"https:\/\/www.facebook.com\/profile.php?id=61574400596936","article_modified_time":"2025-07-17T07:17:05+00:00","og_image":[{"width":1024,"height":1024,"url":"https:\/\/special-auto.ro\/wp-content\/uploads\/2025\/07\/special_logo2.png","type":"image\/png"}],"twitter_card":"summary_large_image","schema":{"@context":"https:\/\/schema.org","@graph":[{"@type":"TechArticle","@id":"https:\/\/special-auto.ro\/politica-interna\/#article","isPartOf":{"@id":"https:\/\/special-auto.ro\/politica-interna\/"},"author":{"name":"Horst Barth","@id":"https:\/\/special-auto.ro\/#\/schema\/person\/664842a41cfe01e3f2fcbf10647fc1fe"},"headline":"Politic\u0103 interna","datePublished":"2025-07-17T07:00:22+00:00","dateModified":"2025-07-17T07:17:05+00:00","mainEntityOfPage":{"@id":"https:\/\/special-auto.ro\/politica-interna\/"},"wordCount":739,"publisher":{"@id":"https:\/\/special-auto.ro\/#organization"},"inLanguage":"en-US"},{"@type":"WebPage","@id":"https:\/\/special-auto.ro\/politica-interna\/","url":"https:\/\/special-auto.ro\/politica-interna\/","name":"Politic\u0103 interna - Special Auto","isPartOf":{"@id":"https:\/\/special-auto.ro\/#website"},"datePublished":"2025-07-17T07:00:22+00:00","dateModified":"2025-07-17T07:17:05+00:00","description":"Politic\u0103 interna - pre\u021b redus, livrare rapid\u0103.","breadcrumb":{"@id":"https:\/\/special-auto.ro\/politica-interna\/#breadcrumb"},"inLanguage":"en-US","potentialAction":[{"@type":"ReadAction","target":["https:\/\/special-auto.ro\/politica-interna\/"]}]},{"@type":"BreadcrumbList","@id":"https:\/\/special-auto.ro\/politica-interna\/#breadcrumb","itemListElement":[{"@type":"ListItem","position":1,"name":"Prima pagin\u0103","item":"https:\/\/special-auto.ro\/"},{"@type":"ListItem","position":2,"name":"Politic\u0103 interna"}]},{"@type":"WebSite","@id":"https:\/\/special-auto.ro\/#website","url":"https:\/\/special-auto.ro\/","name":"Special Auto","description":"Servicii in jurul camionului","publisher":{"@id":"https:\/\/special-auto.ro\/#organization"},"potentialAction":[{"@type":"SearchAction","target":{"@type":"EntryPoint","urlTemplate":"https:\/\/special-auto.ro\/?s={search_term_string}"},"query-input":{"@type":"PropertyValueSpecification","valueRequired":true,"valueName":"search_term_string"}}],"inLanguage":"en-US"},{"@type":"Organization","@id":"https:\/\/special-auto.ro\/#organization","name":"Special Auto SRL","url":"https:\/\/special-auto.ro\/","logo":{"@type":"ImageObject","inLanguage":"en-US","@id":"https:\/\/special-auto.ro\/#\/schema\/logo\/image\/","url":"https:\/\/special-auto.ro\/wp-content\/uploads\/2025\/07\/cropped-logo_heavybg_special.png","contentUrl":"https:\/\/special-auto.ro\/wp-content\/uploads\/2025\/07\/cropped-logo_heavybg_special.png","width":512,"height":512,"caption":"Special Auto SRL"},"image":{"@id":"https:\/\/special-auto.ro\/#\/schema\/logo\/image\/"},"sameAs":["https:\/\/www.facebook.com\/profile.php?id=61574400596936"],"email":"office@special-auto.ro","telephone":"+40740031192","legalName":"Special Auto SRL","foundingDate":"2000-05-10","numberOfEmployees":{"@type":"QuantitativeValue","minValue":"1","maxValue":"10"},"publishingPrinciples":"https:\/\/special-auto.ro\/","ownershipFundingInfo":"https:\/\/special-auto.ro\/politica-interna\/"},{"@type":"Person","@id":"https:\/\/special-auto.ro\/#\/schema\/person\/664842a41cfe01e3f2fcbf10647fc1fe","name":"Horst Barth","image":{"@type":"ImageObject","inLanguage":"en-US","@id":"https:\/\/special-auto.ro\/#\/schema\/person\/image\/","url":"https:\/\/special-auto.ro\/wp-content\/litespeed\/avatar\/35ef9d70c0df13c317f4a0a0f98b30cb.jpg?ver=1777569992","contentUrl":"https:\/\/special-auto.ro\/wp-content\/litespeed\/avatar\/35ef9d70c0df13c317f4a0a0f98b30cb.jpg?ver=1777569992","caption":"Horst Barth"},"sameAs":["http:\/\/www.special-auto.ro"]}]}},"_links":{"self":[{"href":"https:\/\/special-auto.ro\/en\/wp-json\/wp\/v2\/pages\/3010","targetHints":{"allow":["GET"]}}],"collection":[{"href":"https:\/\/special-auto.ro\/en\/wp-json\/wp\/v2\/pages"}],"about":[{"href":"https:\/\/special-auto.ro\/en\/wp-json\/wp\/v2\/types\/page"}],"author":[{"embeddable":true,"href":"https:\/\/special-auto.ro\/en\/wp-json\/wp\/v2\/users\/1"}],"replies":[{"embeddable":true,"href":"https:\/\/special-auto.ro\/en\/wp-json\/wp\/v2\/comments?post=3010"}],"version-history":[{"count":0,"href":"https:\/\/special-auto.ro\/en\/wp-json\/wp\/v2\/pages\/3010\/revisions"}],"wp:attachment":[{"href":"https:\/\/special-auto.ro\/en\/wp-json\/wp\/v2\/media?parent=3010"}],"curies":[{"name":"wp","href":"https:\/\/api.w.org\/{rel}","templated":true}]}}